{"id":8589,"date":"2020-03-05T15:16:43","date_gmt":"2020-03-05T15:16:43","guid":{"rendered":"https:\/\/orthopaedie-gardelegen.de\/?page_id=8589"},"modified":"2025-05-12T13:23:58","modified_gmt":"2025-05-12T13:23:58","slug":"partner-und-mitgliedschaften","status":"publish","type":"page","link":"https:\/\/orthopaedie-gardelegen.de\/?page_id=8589","title":{"rendered":"Partner und Mitgliedschaften"},"content":{"rendered":"<div class=\"wpb-content-wrapper\"><p>[vc_section full_width=&#8221;stretch_row&#8221; css=&#8221;.vc_custom_1583421680959{margin-top: 0px !important;margin-bottom: 0px !important;padding-top: 80px !important;padding-bottom: 0px !important;}&#8221;][vc_row full_width=&#8221;stretch_row&#8221; css=&#8221;.vc_custom_1583421701219{margin-top: 0px !important;margin-bottom: 0px !important;padding-top: 0px !important;padding-bottom: 90px !important;}&#8221;][vc_column width=&#8221;1\/2&#8243;][vc_custom_heading text=&#8221;Partnerschaften&#8221; font_container=&#8221;tag:h3|font_size:20px|text_align:left|color:%233cb745|line_height:30px&#8221; use_theme_fonts=&#8221;yes&#8221;][vc_column_text css=&#8221;.vc_custom_1747056236141{padding-top: 25px !important;}&#8221;]<\/p>\n<table>\n<tbody>\n<tr>\n<td valign=\"top\" height=\"90px\"><strong>Altmark-Klinikum GmbH<\/strong><br \/>\n<strong>Krankenhaus Gardelegen<\/strong><br \/>\nErnst-von-Bergmann-Str. 22, 39638 Gardelegen<br \/>\n<a href=\"http:\/\/www.altmark-klinikum.de\" target=\"_blank\" rel=\"noopener noreferrer\">www.altmark-klinikum.de<\/a><\/td>\n<\/tr>\n<tr>\n<td valign=\"top\" height=\"90px\"><strong>Klinikum Magdeburg Gmbh<\/strong><br \/>\nZentrum f\u00fcr Unfallchirurgie und Orthop\u00e4die<br \/>\nBirkenallee 34, 39130 Magdeburg<br \/>\n<a href=\"http:\/\/www.klinikum-magdeburg.de\" target=\"_blank\" rel=\"noopener noreferrer\">www.klinikum-magdeburg.de<\/a><\/td>\n<\/tr>\n<tr>\n<td valign=\"top\" height=\"70px\"><strong>Physio Vital &#8211; Physiotherapie<\/strong><br \/>\nGartenstr. 29, 39638 Gardelegen<br \/>\n<a href=\"http:\/\/www.klinikum-magdeburg.de\" target=\"_blank\" rel=\"noopener noreferrer\">www.klinikum-magdeburg.de<\/a><\/td>\n<\/tr>\n<tr>\n<td valign=\"top\" height=\"70px\"><strong>Olympiast\u00fctzpunkt Magdeburg <\/strong><br \/>\n(Prof Dr. med. W. Neumann)<br \/>\nFriedrich-Ebert-Str. 68, 39114 Magdeburg<\/td>\n<\/tr>\n<tr>\n<td valign=\"top\" height=\"70px\"><strong>Deutscher Handballbund<\/strong><br \/>\nWilli-Daume-Haus, Strobelallee 56, 44139 Dortmund<br \/>\n<a href=\"http:\/\/www.dhb.de\" target=\"_blank\" rel=\"noopener noreferrer\">www.dhb.de<\/a><\/td>\n<\/tr>\n<tr>\n<td valign=\"top\" height=\"70px\"><strong>Arthrex, Medizinische Instrumente GmbH<\/strong><br \/>\nLiebigstrasse 13, 85757 Karlsfeld\/M\u00fcnche, Germany<br \/>\n<a href=\"http:\/\/www.arthrex.com\" target=\"_blank\" rel=\"noopener noreferrer\">www.arthrex.com<\/a><\/td>\n<\/tr>\n<tr>\n<td valign=\"top\" height=\"90px\"><strong>Rats-Apotheke<\/strong><br \/>\nE.-Th\u00e4lmann-Str. 13, 39638 Gardelegen<br \/>\n(Unsere Partnerapotheke beliefert uns mit Arzneimitteln<br \/>\nund Verbandsmaterial.)<\/td>\n<\/tr>\n<tr>\n<td valign=\"top\" height=\"120px\"><strong>Rehabilitationsklinik Kalbe<\/strong><br \/>\n<strong>MEDIAN Klinik Kalbe<\/strong><br \/>\nStr. der Jugend 2, 39624 Kalbe\/M<br \/>\n<a href=\"http:\/\/www.median-kliniken.de\" target=\"_blank\" rel=\"noopener noreferrer\">www.median-kliniken.de<\/a><br \/>\n(Hier werden viele unsere Patienten nach der<br \/>\nBehandlung\/Operationen ambulant und station\u00e4r betreut.)<\/td>\n<\/tr>\n<tr>\n<td valign=\"top\" height=\"70px\"><strong>Sanit\u00e4tshaus Guderian<\/strong><br \/>\nGerikestr. 4, 39340 Haldensleben<br \/>\n<a href=\"http:\/\/www.guderian-ot.de\" target=\"_blank\" rel=\"noopener noreferrer\">www.guderian-ot.de<\/a><\/td>\n<\/tr>\n<tr>\n<td valign=\"top\" height=\"70px\"><strong>SC Magdeburg, Handball GmbH<\/strong><br \/>\nFriedrich-Ebert-Str. 68, 39114 Magdeburg<br \/>\n<a href=\"http:\/\/www.scm-gladiators.de\" target=\"_blank\" rel=\"noopener noreferrer\">www.scm-gladiators.de<\/a><\/td>\n<\/tr>\n<tr>\n<td valign=\"top\" height=\"70px\"><strong>Anwaltskanzlei Wilfried Sch\u00fclke<\/strong><br \/>\nHumboldtstra\u00dfe 03, 39112 Magdeburg<br \/>\n<a href=\"http:\/\/www.anwaltmd.de\" target=\"_blank\" rel=\"noopener noreferrer\">www.anwaltmd.de<\/a><\/td>\n<\/tr>\n<\/tbody>\n<\/table>\n<p>[\/vc_column_text][\/vc_column][vc_column width=&#8221;1\/2&#8243;][vc_custom_heading text=&#8221;Mitgliedschaften&#8221; font_container=&#8221;tag:h3|font_size:20px|text_align:left|color:%233cb745|line_height:30px&#8221; use_theme_fonts=&#8221;yes&#8221;][vc_column_text css=&#8221;.vc_custom_1585225535155{padding-top: 25px !important;}&#8221;]<\/p>\n<table>\n<tbody>\n<tr>\n<td valign=\"top\"><strong>2015<\/strong><\/td>\n<td>Deutsche Kniegesellschaft (DKG)<\/td>\n<\/tr>\n<tr>\n<td valign=\"top\"><strong>2007<\/strong><\/td>\n<td>Berufsverband der Fach\u00e4rzte f\u00fcr Orthop\u00e4die und<br \/>\nUnfallchirurgie e.V.<\/td>\n<\/tr>\n<tr>\n<td valign=\"top\"><strong>2006<\/strong><\/td>\n<td>Deutschsprachige Arbeitgemeinschaft f\u00fcr Arthroskopie (AGA)<\/td>\n<\/tr>\n<tr>\n<td valign=\"top\"><strong>2004<\/strong><\/td>\n<td>Deutsche Gesellschaft f\u00fcr Orthop\u00e4die und orthop\u00e4dische Chirurgie e.V.<\/td>\n<\/tr>\n<\/tbody>\n<\/table>\n<p>[\/vc_column_text][\/vc_column][\/vc_row][\/vc_section]<\/p>\n<\/div>","protected":false},"excerpt":{"rendered":"<p>[vc_section full_width=&#8221;stretch_row&#8221; css=&#8221;.vc_custom_1583421680959{margin-top: 0px !important;margin-bottom: 0px !important;padding-top: 80px !important;padding-bottom: 0px !important;}&#8221;][vc_row full_width=&#8221;stretch_row&#8221; css=&#8221;.vc_custom_1583421701219{margin-top: 0px !important;margin-bottom: 0px !important;padding-top: 0px !important;padding-bottom: 90px !important;}&#8221;][vc_column width=&#8221;1\/2&#8243;][vc_custom_heading text=&#8221;Partnerschaften&#8221; font_container=&#8221;tag:h3|font_size:20px|text_align:left|color:%233cb745|line_height:30px&#8221; use_theme_fonts=&#8221;yes&#8221;][vc_column_text css=&#8221;.vc_custom_1747056236141{padding-top: 25px !important;}&#8221;] Altmark-Klinikum GmbH Krankenhaus Gardelegen Ernst-von-Bergmann-Str. 22, 39638 Gardelegen www.altmark-klinikum.de Klinikum Magdeburg Gmbh Zentrum f\u00fcr Unfallchirurgie und Orthop\u00e4die Birkenallee 34, 39130 Magdeburg www.klinikum-magdeburg.de Physio Vital &#8211; Physiotherapie Gartenstr. [&hellip;]<\/p>\n","protected":false},"author":1,"featured_media":0,"parent":0,"menu_order":0,"comment_status":"closed","ping_status":"closed","template":"","meta":{"footnotes":""},"class_list":["post-8589","page","type-page","status-publish","hentry"],"yoast_head":"<!-- This site is optimized with the Yoast SEO plugin v27.5 - https:\/\/yoast.com\/product\/yoast-seo-wordpress\/ -->\n<title>Partner und Mitgliedschaften - Orthop\u00e4die Gardelegen<\/title>\n<meta name=\"description\" content=\"Wir arbeiten eng mit folgenden Partnern zusammen.\" \/>\n<meta name=\"robots\" content=\"index, follow, max-snippet:-1, max-image-preview:large, max-video-preview:-1\" \/>\n<link rel=\"canonical\" href=\"https:\/\/orthopaedie-gardelegen.de\/?page_id=8589\" \/>\n<meta property=\"og:locale\" content=\"de_DE\" \/>\n<meta property=\"og:type\" content=\"article\" \/>\n<meta property=\"og:title\" content=\"Partner und Mitgliedschaften - Orthop\u00e4die Gardelegen\" \/>\n<meta property=\"og:description\" content=\"Wir arbeiten eng mit folgenden Partnern zusammen.\" \/>\n<meta property=\"og:url\" content=\"https:\/\/orthopaedie-gardelegen.de\/?page_id=8589\" \/>\n<meta property=\"og:site_name\" content=\"Orthop\u00e4die Gardelegen\" \/>\n<meta property=\"article:modified_time\" content=\"2025-05-12T13:23:58+00:00\" \/>\n<meta name=\"twitter:card\" content=\"summary_large_image\" \/>\n<meta name=\"twitter:label1\" content=\"Gesch\u00e4tzte Lesezeit\" \/>\n\t<meta name=\"twitter:data1\" content=\"2\u00a0Minuten\" \/>\n<script type=\"application\/ld+json\" class=\"yoast-schema-graph\">{\"@context\":\"https:\\\/\\\/schema.org\",\"@graph\":[{\"@type\":\"WebPage\",\"@id\":\"https:\\\/\\\/orthopaedie-gardelegen.de\\\/?page_id=8589\",\"url\":\"https:\\\/\\\/orthopaedie-gardelegen.de\\\/?page_id=8589\",\"name\":\"Partner und Mitgliedschaften - Orthop\u00e4die Gardelegen\",\"isPartOf\":{\"@id\":\"https:\\\/\\\/orthopaedie-gardelegen.de\\\/#website\"},\"datePublished\":\"2020-03-05T15:16:43+00:00\",\"dateModified\":\"2025-05-12T13:23:58+00:00\",\"description\":\"Wir arbeiten eng mit folgenden Partnern zusammen.\",\"breadcrumb\":{\"@id\":\"https:\\\/\\\/orthopaedie-gardelegen.de\\\/?page_id=8589#breadcrumb\"},\"inLanguage\":\"de\",\"potentialAction\":[{\"@type\":\"ReadAction\",\"target\":[\"https:\\\/\\\/orthopaedie-gardelegen.de\\\/?page_id=8589\"]}]},{\"@type\":\"BreadcrumbList\",\"@id\":\"https:\\\/\\\/orthopaedie-gardelegen.de\\\/?page_id=8589#breadcrumb\",\"itemListElement\":[{\"@type\":\"ListItem\",\"position\":1,\"name\":\"Startseite\",\"item\":\"https:\\\/\\\/orthopaedie-gardelegen.de\\\/\"},{\"@type\":\"ListItem\",\"position\":2,\"name\":\"Partner und Mitgliedschaften\"}]},{\"@type\":\"WebSite\",\"@id\":\"https:\\\/\\\/orthopaedie-gardelegen.de\\\/#website\",\"url\":\"https:\\\/\\\/orthopaedie-gardelegen.de\\\/\",\"name\":\"Orthop\u00e4die Gardelegen\",\"description\":\"Dr. Thomas- Olaf Bittner Facharzt f\u00fcr Orthop\u00e4de\",\"potentialAction\":[{\"@type\":\"SearchAction\",\"target\":{\"@type\":\"EntryPoint\",\"urlTemplate\":\"https:\\\/\\\/orthopaedie-gardelegen.de\\\/?s={search_term_string}\"},\"query-input\":{\"@type\":\"PropertyValueSpecification\",\"valueRequired\":true,\"valueName\":\"search_term_string\"}}],\"inLanguage\":\"de\"}]}<\/script>\n<!-- \/ Yoast SEO plugin. -->","yoast_head_json":{"title":"Partner und Mitgliedschaften - Orthop\u00e4die Gardelegen","description":"Wir arbeiten eng mit folgenden Partnern zusammen.","robots":{"index":"index","follow":"follow","max-snippet":"max-snippet:-1","max-image-preview":"max-image-preview:large","max-video-preview":"max-video-preview:-1"},"canonical":"https:\/\/orthopaedie-gardelegen.de\/?page_id=8589","og_locale":"de_DE","og_type":"article","og_title":"Partner und Mitgliedschaften - Orthop\u00e4die Gardelegen","og_description":"Wir arbeiten eng mit folgenden Partnern zusammen.","og_url":"https:\/\/orthopaedie-gardelegen.de\/?page_id=8589","og_site_name":"Orthop\u00e4die Gardelegen","article_modified_time":"2025-05-12T13:23:58+00:00","twitter_card":"summary_large_image","twitter_misc":{"Gesch\u00e4tzte Lesezeit":"2\u00a0Minuten"},"schema":{"@context":"https:\/\/schema.org","@graph":[{"@type":"WebPage","@id":"https:\/\/orthopaedie-gardelegen.de\/?page_id=8589","url":"https:\/\/orthopaedie-gardelegen.de\/?page_id=8589","name":"Partner und Mitgliedschaften - Orthop\u00e4die Gardelegen","isPartOf":{"@id":"https:\/\/orthopaedie-gardelegen.de\/#website"},"datePublished":"2020-03-05T15:16:43+00:00","dateModified":"2025-05-12T13:23:58+00:00","description":"Wir arbeiten eng mit folgenden Partnern zusammen.","breadcrumb":{"@id":"https:\/\/orthopaedie-gardelegen.de\/?page_id=8589#breadcrumb"},"inLanguage":"de","potentialAction":[{"@type":"ReadAction","target":["https:\/\/orthopaedie-gardelegen.de\/?page_id=8589"]}]},{"@type":"BreadcrumbList","@id":"https:\/\/orthopaedie-gardelegen.de\/?page_id=8589#breadcrumb","itemListElement":[{"@type":"ListItem","position":1,"name":"Startseite","item":"https:\/\/orthopaedie-gardelegen.de\/"},{"@type":"ListItem","position":2,"name":"Partner und Mitgliedschaften"}]},{"@type":"WebSite","@id":"https:\/\/orthopaedie-gardelegen.de\/#website","url":"https:\/\/orthopaedie-gardelegen.de\/","name":"Orthop\u00e4die Gardelegen","description":"Dr. Thomas- Olaf Bittner Facharzt f\u00fcr Orthop\u00e4de","potentialAction":[{"@type":"SearchAction","target":{"@type":"EntryPoint","urlTemplate":"https:\/\/orthopaedie-gardelegen.de\/?s={search_term_string}"},"query-input":{"@type":"PropertyValueSpecification","valueRequired":true,"valueName":"search_term_string"}}],"inLanguage":"de"}]}},"_links":{"self":[{"href":"https:\/\/orthopaedie-gardelegen.de\/index.php?rest_route=\/wp\/v2\/pages\/8589","targetHints":{"allow":["GET"]}}],"collection":[{"href":"https:\/\/orthopaedie-gardelegen.de\/index.php?rest_route=\/wp\/v2\/pages"}],"about":[{"href":"https:\/\/orthopaedie-gardelegen.de\/index.php?rest_route=\/wp\/v2\/types\/page"}],"author":[{"embeddable":true,"href":"https:\/\/orthopaedie-gardelegen.de\/index.php?rest_route=\/wp\/v2\/users\/1"}],"replies":[{"embeddable":true,"href":"https:\/\/orthopaedie-gardelegen.de\/index.php?rest_route=%2Fwp%2Fv2%2Fcomments&post=8589"}],"version-history":[{"count":2,"href":"https:\/\/orthopaedie-gardelegen.de\/index.php?rest_route=\/wp\/v2\/pages\/8589\/revisions"}],"predecessor-version":[{"id":8974,"href":"https:\/\/orthopaedie-gardelegen.de\/index.php?rest_route=\/wp\/v2\/pages\/8589\/revisions\/8974"}],"wp:attachment":[{"href":"https:\/\/orthopaedie-gardelegen.de\/index.php?rest_route=%2Fwp%2Fv2%2Fmedia&parent=8589"}],"curies":[{"name":"wp","href":"https:\/\/api.w.org\/{rel}","templated":true}]}}