{"id":8581,"date":"2020-03-05T15:13:18","date_gmt":"2020-03-05T15:13:18","guid":{"rendered":"https:\/\/orthopaedie-gardelegen.de\/?page_id=8581"},"modified":"2026-04-07T07:00:15","modified_gmt":"2026-04-07T07:00:15","slug":"team-2","status":"publish","type":"page","link":"https:\/\/orthopaedie-gardelegen.de\/?page_id=8581","title":{"rendered":"Team"},"content":{"rendered":"<div class=\"wpb-content-wrapper\"><p>[vc_row full_width=&#8221;stretch_row&#8221; css=&#8221;.vc_custom_1538990284813{margin-top: 0px !important;margin-bottom: 0px !important;padding-top: 90px !important;padding-bottom: 85px !important;}&#8221;][vc_column css=&#8221;.vc_custom_1538474959009{margin-top: 0px !important;margin-bottom: 0px !important;padding-top: 0px !important;padding-bottom: 0px !important;}&#8221;][vc_row_inner css=&#8221;.vc_custom_1538989805526{margin-top: 0px !important;margin-bottom: 0px !important;padding-top: 0px !important;padding-bottom: 0px !important;}&#8221;][vc_column_inner][vc_custom_heading text=&#8221;Unser Team&#8221; font_container=&#8221;tag:h2|font_size:28px|text_align:left|color:%233bb644|line_height:40px&#8221; use_theme_fonts=&#8221;yes&#8221; css_animation=&#8221;none&#8221; css=&#8221;.vc_custom_1582811628150{margin-top: 0px !important;margin-bottom: 0px !important;padding-top: 0px !important;padding-bottom: 12px !important;}&#8221; el_class=&#8221;font-weight-bold&#8221;][\/vc_column_inner][\/vc_row_inner][vc_row_inner content_placement=&#8221;top&#8221; css=&#8221;.vc_custom_1743514537353{margin-top: 0px !important;margin-bottom: 0px !important;padding-top: 0px !important;padding-bottom: 0px !important;}&#8221;][vc_column_inner width=&#8221;1\/4&#8243; css=&#8221;.vc_custom_1775544285261{margin-top: 00px !important;margin-bottom: 0px !important;padding-top: 0px !important;padding-bottom: 0px !important;}&#8221;][vc_single_image image=&#8221;8940&#8243; img_size=&#8221;full&#8221; alignment=&#8221;center&#8221; css=&#8221;&#8221;][vc_custom_heading text=&#8221;Dr. med. univ. Thomas-Olaf Bittner&#8221; font_container=&#8221;tag:h5|font_size:20px|text_align:left|color:%233BB644&#8243; use_theme_fonts=&#8221;yes&#8221; css=&#8221;&#8221;][vc_column_text css=&#8221;&#8221;]<\/p>\n<p style=\"text-align: left;\">FA f\u00fcr Orthop\u00e4die<\/p>\n<p>[\/vc_column_text][\/vc_column_inner][vc_column_inner width=&#8221;1\/4&#8243;][vc_single_image image=&#8221;8988&#8243; img_size=&#8221;full&#8221; alignment=&#8221;center&#8221; css=&#8221;&#8221;][vc_custom_heading text=&#8221;Frau Lauenstein&#8221; font_container=&#8221;tag:h5|font_size:20px|text_align:left|color:%233BB644&#8243; use_theme_fonts=&#8221;yes&#8221; css=&#8221;&#8221;][vc_column_text css=&#8221;&#8221;]<\/p>\n<p style=\"text-align: left;\">leitende med. Fachangestellte<\/p>\n<p>[\/vc_column_text][\/vc_column_inner][vc_column_inner width=&#8221;1\/4&#8243;][vc_single_image image=&#8221;8989&#8243; img_size=&#8221;full&#8221; alignment=&#8221;center&#8221; css=&#8221;&#8221;][vc_custom_heading text=&#8221;Herr K\u00f6nig&#8221; font_container=&#8221;tag:h5|font_size:20px|text_align:left|color:%233BB644&#8243; use_theme_fonts=&#8221;yes&#8221; css=&#8221;&#8221;][vc_column_text css=&#8221;&#8221;]<\/p>\n<p style=\"text-align: left;\">med. Dokumentationsassistent<\/p>\n<p>[\/vc_column_text][\/vc_column_inner][vc_column_inner width=&#8221;1\/4&#8243;][vc_single_image image=&#8221;8987&#8243; img_size=&#8221;full&#8221; alignment=&#8221;center&#8221; css=&#8221;&#8221;][vc_custom_heading text=&#8221;Frau G\u00f6rlich&#8221; font_container=&#8221;tag:h5|font_size:20px|text_align:left|color:%233BB644&#8243; use_theme_fonts=&#8221;yes&#8221; css=&#8221;&#8221;][vc_column_text css=&#8221;&#8221;]<\/p>\n<p style=\"text-align: left;\">exam. Gesundheits- und Krankenpflegerin<\/p>\n<p>[\/vc_column_text][\/vc_column_inner][\/vc_row_inner][\/vc_column][\/vc_row]<\/p>\n<\/div>","protected":false},"excerpt":{"rendered":"<p>[vc_row full_width=&#8221;stretch_row&#8221; css=&#8221;.vc_custom_1538990284813{margin-top: 0px !important;margin-bottom: 0px !important;padding-top: 90px !important;padding-bottom: 85px !important;}&#8221;][vc_column css=&#8221;.vc_custom_1538474959009{margin-top: 0px !important;margin-bottom: 0px !important;padding-top: 0px !important;padding-bottom: 0px !important;}&#8221;][vc_row_inner css=&#8221;.vc_custom_1538989805526{margin-top: 0px !important;margin-bottom: 0px !important;padding-top: 0px !important;padding-bottom: 0px !important;}&#8221;][vc_column_inner][vc_custom_heading text=&#8221;Unser Team&#8221; font_container=&#8221;tag:h2|font_size:28px|text_align:left|color:%233bb644|line_height:40px&#8221; use_theme_fonts=&#8221;yes&#8221; css_animation=&#8221;none&#8221; css=&#8221;.vc_custom_1582811628150{margin-top: 0px !important;margin-bottom: 0px !important;padding-top: 0px !important;padding-bottom: 12px !important;}&#8221; el_class=&#8221;font-weight-bold&#8221;][\/vc_column_inner][\/vc_row_inner][vc_row_inner content_placement=&#8221;top&#8221; css=&#8221;.vc_custom_1743514537353{margin-top: 0px !important;margin-bottom: 0px !important;padding-top: 0px !important;padding-bottom: 0px !important;}&#8221;][vc_column_inner width=&#8221;1\/4&#8243; [&hellip;]<\/p>\n","protected":false},"author":1,"featured_media":0,"parent":0,"menu_order":0,"comment_status":"closed","ping_status":"closed","template":"","meta":{"footnotes":""},"class_list":["post-8581","page","type-page","status-publish","hentry"],"yoast_head":"<!-- This site is optimized with the Yoast SEO plugin v27.0 - https:\/\/yoast.com\/product\/yoast-seo-wordpress\/ -->\n<title>Team - Orthop\u00e4die Gardelegen<\/title>\n<meta name=\"description\" content=\"Unser Team in Magdeburg und Gardelegen.\" \/>\n<meta name=\"robots\" content=\"index, follow, max-snippet:-1, max-image-preview:large, max-video-preview:-1\" \/>\n<link rel=\"canonical\" href=\"https:\/\/orthopaedie-gardelegen.de\/?page_id=8581\" \/>\n<meta property=\"og:locale\" content=\"de_DE\" \/>\n<meta property=\"og:type\" content=\"article\" \/>\n<meta property=\"og:title\" content=\"Team - Orthop\u00e4die Gardelegen\" \/>\n<meta property=\"og:description\" content=\"Unser Team in Magdeburg und Gardelegen.\" \/>\n<meta property=\"og:url\" content=\"https:\/\/orthopaedie-gardelegen.de\/?page_id=8581\" \/>\n<meta property=\"og:site_name\" content=\"Orthop\u00e4die Gardelegen\" \/>\n<meta property=\"article:modified_time\" content=\"2026-04-07T07:00:15+00:00\" \/>\n<meta name=\"twitter:card\" content=\"summary_large_image\" \/>\n<meta name=\"twitter:label1\" content=\"Gesch\u00e4tzte Lesezeit\" \/>\n\t<meta name=\"twitter:data1\" content=\"2\u00a0Minuten\" \/>\n<script type=\"application\/ld+json\" class=\"yoast-schema-graph\">{\"@context\":\"https:\/\/schema.org\",\"@graph\":[{\"@type\":\"WebPage\",\"@id\":\"https:\/\/orthopaedie-gardelegen.de\/?page_id=8581\",\"url\":\"https:\/\/orthopaedie-gardelegen.de\/?page_id=8581\",\"name\":\"Team - Orthop\u00e4die Gardelegen\",\"isPartOf\":{\"@id\":\"https:\/\/orthopaedie-gardelegen.de\/#website\"},\"datePublished\":\"2020-03-05T15:13:18+00:00\",\"dateModified\":\"2026-04-07T07:00:15+00:00\",\"description\":\"Unser Team in Magdeburg und Gardelegen.\",\"breadcrumb\":{\"@id\":\"https:\/\/orthopaedie-gardelegen.de\/?page_id=8581#breadcrumb\"},\"inLanguage\":\"de\",\"potentialAction\":[{\"@type\":\"ReadAction\",\"target\":[\"https:\/\/orthopaedie-gardelegen.de\/?page_id=8581\"]}]},{\"@type\":\"BreadcrumbList\",\"@id\":\"https:\/\/orthopaedie-gardelegen.de\/?page_id=8581#breadcrumb\",\"itemListElement\":[{\"@type\":\"ListItem\",\"position\":1,\"name\":\"Startseite\",\"item\":\"https:\/\/orthopaedie-gardelegen.de\/\"},{\"@type\":\"ListItem\",\"position\":2,\"name\":\"Team\"}]},{\"@type\":\"WebSite\",\"@id\":\"https:\/\/orthopaedie-gardelegen.de\/#website\",\"url\":\"https:\/\/orthopaedie-gardelegen.de\/\",\"name\":\"Orthop\u00e4die Gardelegen\",\"description\":\"Dr. Thomas- Olaf Bittner Facharzt f\u00fcr Orthop\u00e4de\",\"potentialAction\":[{\"@type\":\"SearchAction\",\"target\":{\"@type\":\"EntryPoint\",\"urlTemplate\":\"https:\/\/orthopaedie-gardelegen.de\/?s={search_term_string}\"},\"query-input\":{\"@type\":\"PropertyValueSpecification\",\"valueRequired\":true,\"valueName\":\"search_term_string\"}}],\"inLanguage\":\"de\"}]}<\/script>\n<!-- \/ Yoast SEO plugin. -->","yoast_head_json":{"title":"Team - Orthop\u00e4die Gardelegen","description":"Unser Team in Magdeburg und Gardelegen.","robots":{"index":"index","follow":"follow","max-snippet":"max-snippet:-1","max-image-preview":"max-image-preview:large","max-video-preview":"max-video-preview:-1"},"canonical":"https:\/\/orthopaedie-gardelegen.de\/?page_id=8581","og_locale":"de_DE","og_type":"article","og_title":"Team - Orthop\u00e4die Gardelegen","og_description":"Unser Team in Magdeburg und Gardelegen.","og_url":"https:\/\/orthopaedie-gardelegen.de\/?page_id=8581","og_site_name":"Orthop\u00e4die Gardelegen","article_modified_time":"2026-04-07T07:00:15+00:00","twitter_card":"summary_large_image","twitter_misc":{"Gesch\u00e4tzte Lesezeit":"2\u00a0Minuten"},"schema":{"@context":"https:\/\/schema.org","@graph":[{"@type":"WebPage","@id":"https:\/\/orthopaedie-gardelegen.de\/?page_id=8581","url":"https:\/\/orthopaedie-gardelegen.de\/?page_id=8581","name":"Team - Orthop\u00e4die Gardelegen","isPartOf":{"@id":"https:\/\/orthopaedie-gardelegen.de\/#website"},"datePublished":"2020-03-05T15:13:18+00:00","dateModified":"2026-04-07T07:00:15+00:00","description":"Unser Team in Magdeburg und Gardelegen.","breadcrumb":{"@id":"https:\/\/orthopaedie-gardelegen.de\/?page_id=8581#breadcrumb"},"inLanguage":"de","potentialAction":[{"@type":"ReadAction","target":["https:\/\/orthopaedie-gardelegen.de\/?page_id=8581"]}]},{"@type":"BreadcrumbList","@id":"https:\/\/orthopaedie-gardelegen.de\/?page_id=8581#breadcrumb","itemListElement":[{"@type":"ListItem","position":1,"name":"Startseite","item":"https:\/\/orthopaedie-gardelegen.de\/"},{"@type":"ListItem","position":2,"name":"Team"}]},{"@type":"WebSite","@id":"https:\/\/orthopaedie-gardelegen.de\/#website","url":"https:\/\/orthopaedie-gardelegen.de\/","name":"Orthop\u00e4die Gardelegen","description":"Dr. Thomas- Olaf Bittner Facharzt f\u00fcr Orthop\u00e4de","potentialAction":[{"@type":"SearchAction","target":{"@type":"EntryPoint","urlTemplate":"https:\/\/orthopaedie-gardelegen.de\/?s={search_term_string}"},"query-input":{"@type":"PropertyValueSpecification","valueRequired":true,"valueName":"search_term_string"}}],"inLanguage":"de"}]}},"_links":{"self":[{"href":"https:\/\/orthopaedie-gardelegen.de\/index.php?rest_route=\/wp\/v2\/pages\/8581","targetHints":{"allow":["GET"]}}],"collection":[{"href":"https:\/\/orthopaedie-gardelegen.de\/index.php?rest_route=\/wp\/v2\/pages"}],"about":[{"href":"https:\/\/orthopaedie-gardelegen.de\/index.php?rest_route=\/wp\/v2\/types\/page"}],"author":[{"embeddable":true,"href":"https:\/\/orthopaedie-gardelegen.de\/index.php?rest_route=\/wp\/v2\/users\/1"}],"replies":[{"embeddable":true,"href":"https:\/\/orthopaedie-gardelegen.de\/index.php?rest_route=%2Fwp%2Fv2%2Fcomments&post=8581"}],"version-history":[{"count":15,"href":"https:\/\/orthopaedie-gardelegen.de\/index.php?rest_route=\/wp\/v2\/pages\/8581\/revisions"}],"predecessor-version":[{"id":8991,"href":"https:\/\/orthopaedie-gardelegen.de\/index.php?rest_route=\/wp\/v2\/pages\/8581\/revisions\/8991"}],"wp:attachment":[{"href":"https:\/\/orthopaedie-gardelegen.de\/index.php?rest_route=%2Fwp%2Fv2%2Fmedia&parent=8581"}],"curies":[{"name":"wp","href":"https:\/\/api.w.org\/{rel}","templated":true}]}}