{"id":8085,"date":"2018-07-24T03:58:08","date_gmt":"2018-07-24T03:58:08","guid":{"rendered":"https:\/\/orthopaedie-gardelegen.de\/?page_id=8085"},"modified":"2025-04-01T12:41:03","modified_gmt":"2025-04-01T12:41:03","slug":"praxen","status":"publish","type":"page","link":"https:\/\/orthopaedie-gardelegen.de\/?page_id=8085","title":{"rendered":"Praxen"},"content":{"rendered":"<div class=\"wpb-content-wrapper\"><p>[vc_section full_width=&#8221;stretch_row&#8221; css=&#8221;.vc_custom_1531806020000{margin-top: 0px !important;margin-bottom: 0px !important;padding-top: 80px !important;padding-bottom: 66px !important;}&#8221; el_class=&#8221;background-position-top-custom&#8221;][vc_row full_width=&#8221;stretch_row&#8221; gap=&#8221;10&#8243; content_placement=&#8221;top&#8221;][vc_column width=&#8221;1\/2&#8243;][vc_row_inner css=&#8221;.vc_custom_1583416650573{margin-top: 28px !important;margin-bottom: 0px !important;padding-top: 0px !important;padding-right: 15px !important;padding-bottom: 0px !important;padding-left: 15px !important;background-image: url(https:\/\/orthopaedie-gardelegen.de\/wp-content\/uploads\/2020\/03\/bg_magdeburg.jpg?id=8564) !important;background-position: center !important;background-repeat: no-repeat !important;background-size: cover !important;}&#8221;][vc_column_inner css=&#8221;.vc_custom_1531807475100{margin-top: 0px !important;margin-bottom: 0px !important;padding-top: 20px !important;padding-right: 26px !important;padding-bottom: 14px !important;padding-left: 26px !important;background-image: url(https:\/\/orthopaedie-gardelegen.de\/wp-content\/uploads\/2018\/07\/Opening-Hours.jpg?id=8029) !important;background-position: center !important;background-repeat: no-repeat !important;background-size: cover !important;}&#8221;][vc_custom_heading text=&#8221;Gardelegen&#8221; font_container=&#8221;tag:h2|font_size:24|text_align:center|color:%23ffffff|line_height:24px&#8221; use_theme_fonts=&#8221;yes&#8221; css=&#8221;.vc_custom_1583416794111{margin-top: 0px !important;margin-bottom: 0px !important;padding-top: 0px !important;padding-bottom: 15px !important;}&#8221; el_class=&#8221;font-weight-bold&#8221;][vc_single_image image=&#8221;8485&#8243; img_size=&#8221;full&#8221; alignment=&#8221;center&#8221; style=&#8221;vc_box_outline&#8221;][vc_custom_heading text=&#8221;\u00d6ffnungszeiten&#8221; font_container=&#8221;tag:h3|font_size:16px|text_align:left|color:%23ffffff|line_height:24px&#8221; use_theme_fonts=&#8221;yes&#8221; css=&#8221;.vc_custom_1583417587074{margin-top: 0px !important;margin-bottom: 0px !important;padding-top: 0px !important;padding-bottom: 0px !important;}&#8221; el_class=&#8221;font-weight-bold&#8221;][vc_raw_html css=&#8221;.vc_custom_1743510980970{margin-top: 20px !important;margin-bottom: 0px !important;padding-top: 0px !important;padding-bottom: 0px !important;}&#8221; el_class=&#8221;opening-hours2&#8243;]JTNDdGFibGUlMjBjbGFzcyUzRCUyMnRhYmxlJTIyJTIwc3R5bGUlM0QlMjJjb2xvciUzQSUyM2ZmZiUzQiUyMiUzRSUwQSUwOSUzQ3Rib2R5JTNFJTNDdHIlM0UlMEElMDklMDklM0N0ZCUzRU1vbnRhZyUzQyUyRnRkJTNFJTBBJTA5JTA5JTNDdGQlMjBjbGFzcyUzRCUyMnRleHQtcmlnaHQlMjIlM0U4JTNBMDAtMTMlM0EwMCUyMCUyRiUyMDE0JTNBMDAtMTYlM0EwMCUzQyUyRnRkJTNFJTBBJTA5JTNDJTJGdHIlM0UlMEElMDklM0N0ciUzRSUwQSUwOSUwOSUzQ3RkJTNFRGllbnN0YWclM0MlMkZ0ZCUzRSUwQSUwOSUwOSUzQ3RkJTIwY2xhc3MlM0QlMjJ0ZXh0LXJpZ2h0JTIyJTNFOCUzQTAwLTEzJTNBMDAlMjAlMkYlMjAxNCUzQTAwLTE4JTNBMDAlMjAlM0MlMkZ0ZCUzRSUwQSUwOSUzQyUyRnRyJTNFJTBBJTA5JTNDdHIlM0UlMEElMDklMDklM0N0ZCUzRU1pdHR3b2NoJTNDJTJGdGQlM0UlMEElMDklMDklM0N0ZCUyMGNsYXNzJTNEJTIydGV4dC1yaWdodCUyMiUzRTglM0EwMC0xMiUzQTAwJTNDJTJGdGQlM0UlMEElMDklM0MlMkZ0ciUzRSUwQSUwOSUwOSUzQ3RyJTNFJTBBJTA5JTA5JTNDdGQlM0VEb25uZXJzdGFnJTNDJTJGdGQlM0UlMEElMDklMDklM0N0ZCUyMGNsYXNzJTNEJTIydGV4dC1yaWdodCUyMiUzRTglM0EwMC0xMiUzQTAwJTIwJTJGJTIwMTQlM0EwMC0xOCUzQTAwJTNDJTJGdGQlM0UlMEElMDklM0MlMkZ0ciUzRSUwQSUwOSUwOSUzQ3RyJTNFJTBBJTA5JTA5JTNDdGQlM0VGcmVpdGFnJTNDJTJGdGQlM0UlMEElMDklMDklM0N0ZCUyMGNsYXNzJTNEJTIydGV4dC1yaWdodCUyMiUzRTglM0EwMC0xMiUzQTAwJTNDJTJGdGQlM0UlMEElMDklM0MlMkZ0ciUzRSUwQSUwQSUzQyUyRnRib2R5JTNFJTNDJTJGdGFibGUlM0U=[\/vc_raw_html][vc_text_separator][\/vc_column_inner][\/vc_row_inner][vc_row_inner css=&#8221;.vc_custom_1583423855761{margin-top: 28px !important;margin-bottom: 0px !important;padding-top: 0px !important;padding-right: 0px !important;padding-bottom: 0px !important;padding-left: 0px !important;}&#8221; el_class=&#8221;box-shadow&#8221;][vc_column_inner css=&#8221;.vc_custom_1531738710365{margin-top: 0px !important;margin-bottom: 0px !important;padding-top: 25px !important;padding-right: 25px !important;padding-bottom: 25px !important;padding-left: 25px !important;}&#8221;][vc_custom_heading text=&#8221;Kontakt&#8221; font_container=&#8221;tag:h3|font_size:18px|text_align:left|color:%232b2b2b|line_height:24px&#8221; use_theme_fonts=&#8221;yes&#8221; css=&#8221;.vc_custom_1583418664803{margin-top: 0px !important;margin-bottom: 0px !important;padding-top: 0px !important;padding-right: 0px !important;padding-bottom: 30px !important;padding-left: 0px !important;}&#8221; el_class=&#8221;font-weight-bold&#8221;][vc_column_text css=&#8221;&#8221;]Adresse: Gartenstr. 29 \u2013 39638 Gardelegen<br \/>\nTelefon: 03907 778778<br \/>\nFax: 03907 778825<br \/>\nE-Mail: orthopaedische-praxis-bittner@web.de<br \/>\n[\/vc_column_text][\/vc_column_inner][\/vc_row_inner][\/vc_column][vc_column width=&#8221;1\/2&#8243;][vc_row_inner css=&#8221;.vc_custom_1583416659239{margin-top: 28px !important;margin-bottom: 0px !important;padding-top: 0px !important;padding-right: 15px !important;padding-bottom: 0px !important;padding-left: 15px !important;background-image: url(https:\/\/orthopaedie-gardelegen.de\/wp-content\/uploads\/2020\/03\/bg_gardelegen.jpg?id=8563) !important;background-position: center !important;background-repeat: no-repeat !important;background-size: cover !important;}&#8221;][vc_column_inner css=&#8221;.vc_custom_1531807475100{margin-top: 0px !important;margin-bottom: 0px !important;padding-top: 20px !important;padding-right: 26px !important;padding-bottom: 14px !important;padding-left: 26px !important;background-image: url(https:\/\/orthopaedie-gardelegen.de\/wp-content\/uploads\/2018\/07\/Opening-Hours.jpg?id=8029) !important;background-position: center !important;background-repeat: no-repeat !important;background-size: cover !important;}&#8221;][vc_custom_heading text=&#8221;Magdeburg&#8221; font_container=&#8221;tag:h2|font_size:24|text_align:center|color:%23ffffff|line_height:24px&#8221; use_theme_fonts=&#8221;yes&#8221; css=&#8221;.vc_custom_1583416815452{margin-top: 0px !important;margin-bottom: 0px !important;padding-top: 0px !important;padding-bottom: 15px !important;}&#8221; el_class=&#8221;font-weight-bold&#8221;][vc_single_image image=&#8221;8486&#8243; img_size=&#8221;full&#8221; alignment=&#8221;center&#8221; style=&#8221;vc_box_outline&#8221;][vc_custom_heading text=&#8221;\u00d6ffnungszeiten&#8221; font_container=&#8221;tag:h3|font_size:16px|text_align:left|color:%23ffffff|line_height:24px&#8221; use_theme_fonts=&#8221;yes&#8221; css=&#8221;.vc_custom_1583417593427{margin-top: 0px !important;margin-bottom: 0px !important;padding-top: 0px !important;padding-bottom: 0px !important;}&#8221; el_class=&#8221;font-weight-bold&#8221;][vc_raw_html css=&#8221;.vc_custom_1583418652810{margin-top: 20px !important;margin-bottom: 0px !important;padding-top: 0px !important;padding-bottom: 0px !important;}&#8221; el_class=&#8221;opening-hours2&#8243;]JTNDdGFibGUlMjBjbGFzcyUzRCUyMnRhYmxlJTIyJTIwc3R5bGUlM0QlMjJjb2xvciUzQSUyM2ZmZiUzQiUyMiUzRSUwQSUwOSUzQ3Rib2R5JTNFJTNDdHIlM0UlMEElMDklMDklM0N0ZCUzRUZyLiUzQyUyRnRkJTNFJTBBJTA5JTA5JTNDdGQlMjBjbGFzcyUzRCUyMnRleHQtcmlnaHQlMjIlM0U4JTNBMDAtMTQlM0EwMCUzQyUyRnRkJTNFJTBBJTA5JTNDJTJGdHIlM0UlMEElMDklM0N0ciUzRSUwQSUwOSUwOSUzQ3RkJTNFU28uJTNDJTJGdGQlM0UlMEElMDklMDklM0N0ZCUyMGNsYXNzJTNEJTIydGV4dC1yaWdodCUyMiUzRW5hY2glMjBWZXJlaW5iYXJ1bmclM0MlMkZ0ZCUzRSUwQSUwOSUzQyUyRnRyJTNFJTBBJTA5JTBBJTNDJTJGdGJvZHklM0UlM0MlMkZ0YWJsZSUzRSUwQSUzQ2JyJTJGJTNFJTNDYnIlMkYlM0UlM0NiciUyRiUzRSUzQ2JyJTJGJTNFJTNDYnIlMkYlM0UlM0NiciUyRiUzRQ==[\/vc_raw_html][\/vc_column_inner][\/vc_row_inner][vc_row_inner css=&#8221;.vc_custom_1531739068614{margin-top: 28px !important;margin-bottom: 0px !important;padding-top: 0px !important;padding-right: 0px !important;padding-bottom: 0px !important;padding-left: 0px !important;}&#8221; el_class=&#8221;box-shadow&#8221;][vc_column_inner css=&#8221;.vc_custom_1531738710365{margin-top: 0px !important;margin-bottom: 0px !important;padding-top: 25px !important;padding-right: 25px !important;padding-bottom: 25px !important;padding-left: 25px !important;}&#8221;][vc_custom_heading text=&#8221;Kontakt&#8221; font_container=&#8221;tag:h3|font_size:18px|text_align:left|color:%232b2b2b|line_height:24px&#8221; use_theme_fonts=&#8221;yes&#8221; css=&#8221;.vc_custom_1583418669010{margin-top: 0px !important;margin-bottom: 0px !important;padding-top: 0px !important;padding-right: 0px !important;padding-bottom: 30px !important;padding-left: 0px !important;}&#8221; el_class=&#8221;font-weight-bold&#8221;][vc_column_text css=&#8221;&#8221;]Adresse: Klausenerstr. 24a \u2013 39112 Magdeburg<br \/>\nTelefon: 0391 81066311<br \/>\nFax: 0391 81066312<br \/>\nE-Mail: orthopaedische-praxis-bittner@web.de[\/vc_column_text][\/vc_column_inner][\/vc_row_inner][\/vc_column][\/vc_row][\/vc_section]<\/p>\n<\/div>","protected":false},"excerpt":{"rendered":"<p>[vc_section full_width=&#8221;stretch_row&#8221; css=&#8221;.vc_custom_1531806020000{margin-top: 0px !important;margin-bottom: 0px !important;padding-top: 80px !important;padding-bottom: 66px !important;}&#8221; el_class=&#8221;background-position-top-custom&#8221;][vc_row full_width=&#8221;stretch_row&#8221; gap=&#8221;10&#8243; content_placement=&#8221;top&#8221;][vc_column width=&#8221;1\/2&#8243;][vc_row_inner css=&#8221;.vc_custom_1583416650573{margin-top: 28px !important;margin-bottom: 0px !important;padding-top: 0px !important;padding-right: 15px !important;padding-bottom: 0px !important;padding-left: 15px !important;background-image: url(https:\/\/orthopaedie-gardelegen.de\/wp-content\/uploads\/2020\/03\/bg_magdeburg.jpg?id=8564) !important;background-position: center !important;background-repeat: no-repeat !important;background-size: cover !important;}&#8221;][vc_column_inner css=&#8221;.vc_custom_1531807475100{margin-top: 0px !important;margin-bottom: 0px !important;padding-top: 20px !important;padding-right: 26px !important;padding-bottom: 14px !important;padding-left: 26px !important;background-image: url(https:\/\/orthopaedie-gardelegen.de\/wp-content\/uploads\/2018\/07\/Opening-Hours.jpg?id=8029) !important;background-position: center !important;background-repeat: no-repeat [&hellip;]<\/p>\n","protected":false},"author":1,"featured_media":0,"parent":0,"menu_order":0,"comment_status":"closed","ping_status":"closed","template":"","meta":{"footnotes":""},"class_list":["post-8085","page","type-page","status-publish","hentry"],"yoast_head":"<!-- This site is optimized with the Yoast SEO plugin v27.5 - https:\/\/yoast.com\/product\/yoast-seo-wordpress\/ -->\n<title>Praxen - Orthop\u00e4die Gardelegen<\/title>\n<meta name=\"description\" content=\"Wir sind uns bewusst, dass jeder mit seiner individuellen T\u00e4tigkeit zum Gesamterfolg der Praxis beitr\u00e4gt.\" \/>\n<meta name=\"robots\" content=\"index, follow, max-snippet:-1, max-image-preview:large, max-video-preview:-1\" \/>\n<link rel=\"canonical\" href=\"https:\/\/orthopaedie-gardelegen.de\/?page_id=8085\" \/>\n<meta property=\"og:locale\" content=\"de_DE\" \/>\n<meta property=\"og:type\" content=\"article\" \/>\n<meta property=\"og:title\" content=\"Praxen - Orthop\u00e4die Gardelegen\" \/>\n<meta property=\"og:description\" content=\"Wir sind uns bewusst, dass jeder mit seiner individuellen T\u00e4tigkeit zum Gesamterfolg der Praxis beitr\u00e4gt.\" \/>\n<meta property=\"og:url\" content=\"https:\/\/orthopaedie-gardelegen.de\/?page_id=8085\" \/>\n<meta property=\"og:site_name\" content=\"Orthop\u00e4die Gardelegen\" \/>\n<meta property=\"article:modified_time\" content=\"2025-04-01T12:41:03+00:00\" \/>\n<meta name=\"twitter:card\" content=\"summary_large_image\" \/>\n<meta name=\"twitter:label1\" content=\"Gesch\u00e4tzte Lesezeit\" \/>\n\t<meta name=\"twitter:data1\" content=\"3\u00a0Minuten\" \/>\n<script type=\"application\/ld+json\" class=\"yoast-schema-graph\">{\"@context\":\"https:\\\/\\\/schema.org\",\"@graph\":[{\"@type\":\"WebPage\",\"@id\":\"https:\\\/\\\/orthopaedie-gardelegen.de\\\/?page_id=8085\",\"url\":\"https:\\\/\\\/orthopaedie-gardelegen.de\\\/?page_id=8085\",\"name\":\"Praxen - Orthop\u00e4die Gardelegen\",\"isPartOf\":{\"@id\":\"https:\\\/\\\/orthopaedie-gardelegen.de\\\/#website\"},\"datePublished\":\"2018-07-24T03:58:08+00:00\",\"dateModified\":\"2025-04-01T12:41:03+00:00\",\"description\":\"Wir sind uns bewusst, dass jeder mit seiner individuellen T\u00e4tigkeit zum Gesamterfolg der Praxis beitr\u00e4gt.\",\"breadcrumb\":{\"@id\":\"https:\\\/\\\/orthopaedie-gardelegen.de\\\/?page_id=8085#breadcrumb\"},\"inLanguage\":\"de\",\"potentialAction\":[{\"@type\":\"ReadAction\",\"target\":[\"https:\\\/\\\/orthopaedie-gardelegen.de\\\/?page_id=8085\"]}]},{\"@type\":\"BreadcrumbList\",\"@id\":\"https:\\\/\\\/orthopaedie-gardelegen.de\\\/?page_id=8085#breadcrumb\",\"itemListElement\":[{\"@type\":\"ListItem\",\"position\":1,\"name\":\"Startseite\",\"item\":\"https:\\\/\\\/orthopaedie-gardelegen.de\\\/\"},{\"@type\":\"ListItem\",\"position\":2,\"name\":\"Praxen\"}]},{\"@type\":\"WebSite\",\"@id\":\"https:\\\/\\\/orthopaedie-gardelegen.de\\\/#website\",\"url\":\"https:\\\/\\\/orthopaedie-gardelegen.de\\\/\",\"name\":\"Orthop\u00e4die Gardelegen\",\"description\":\"Dr. Thomas- Olaf Bittner Facharzt f\u00fcr Orthop\u00e4de\",\"potentialAction\":[{\"@type\":\"SearchAction\",\"target\":{\"@type\":\"EntryPoint\",\"urlTemplate\":\"https:\\\/\\\/orthopaedie-gardelegen.de\\\/?s={search_term_string}\"},\"query-input\":{\"@type\":\"PropertyValueSpecification\",\"valueRequired\":true,\"valueName\":\"search_term_string\"}}],\"inLanguage\":\"de\"}]}<\/script>\n<!-- \/ Yoast SEO plugin. -->","yoast_head_json":{"title":"Praxen - Orthop\u00e4die Gardelegen","description":"Wir sind uns bewusst, dass jeder mit seiner individuellen T\u00e4tigkeit zum Gesamterfolg der Praxis beitr\u00e4gt.","robots":{"index":"index","follow":"follow","max-snippet":"max-snippet:-1","max-image-preview":"max-image-preview:large","max-video-preview":"max-video-preview:-1"},"canonical":"https:\/\/orthopaedie-gardelegen.de\/?page_id=8085","og_locale":"de_DE","og_type":"article","og_title":"Praxen - Orthop\u00e4die Gardelegen","og_description":"Wir sind uns bewusst, dass jeder mit seiner individuellen T\u00e4tigkeit zum Gesamterfolg der Praxis beitr\u00e4gt.","og_url":"https:\/\/orthopaedie-gardelegen.de\/?page_id=8085","og_site_name":"Orthop\u00e4die Gardelegen","article_modified_time":"2025-04-01T12:41:03+00:00","twitter_card":"summary_large_image","twitter_misc":{"Gesch\u00e4tzte Lesezeit":"3\u00a0Minuten"},"schema":{"@context":"https:\/\/schema.org","@graph":[{"@type":"WebPage","@id":"https:\/\/orthopaedie-gardelegen.de\/?page_id=8085","url":"https:\/\/orthopaedie-gardelegen.de\/?page_id=8085","name":"Praxen - Orthop\u00e4die Gardelegen","isPartOf":{"@id":"https:\/\/orthopaedie-gardelegen.de\/#website"},"datePublished":"2018-07-24T03:58:08+00:00","dateModified":"2025-04-01T12:41:03+00:00","description":"Wir sind uns bewusst, dass jeder mit seiner individuellen T\u00e4tigkeit zum Gesamterfolg der Praxis beitr\u00e4gt.","breadcrumb":{"@id":"https:\/\/orthopaedie-gardelegen.de\/?page_id=8085#breadcrumb"},"inLanguage":"de","potentialAction":[{"@type":"ReadAction","target":["https:\/\/orthopaedie-gardelegen.de\/?page_id=8085"]}]},{"@type":"BreadcrumbList","@id":"https:\/\/orthopaedie-gardelegen.de\/?page_id=8085#breadcrumb","itemListElement":[{"@type":"ListItem","position":1,"name":"Startseite","item":"https:\/\/orthopaedie-gardelegen.de\/"},{"@type":"ListItem","position":2,"name":"Praxen"}]},{"@type":"WebSite","@id":"https:\/\/orthopaedie-gardelegen.de\/#website","url":"https:\/\/orthopaedie-gardelegen.de\/","name":"Orthop\u00e4die Gardelegen","description":"Dr. Thomas- Olaf Bittner Facharzt f\u00fcr Orthop\u00e4de","potentialAction":[{"@type":"SearchAction","target":{"@type":"EntryPoint","urlTemplate":"https:\/\/orthopaedie-gardelegen.de\/?s={search_term_string}"},"query-input":{"@type":"PropertyValueSpecification","valueRequired":true,"valueName":"search_term_string"}}],"inLanguage":"de"}]}},"_links":{"self":[{"href":"https:\/\/orthopaedie-gardelegen.de\/index.php?rest_route=\/wp\/v2\/pages\/8085","targetHints":{"allow":["GET"]}}],"collection":[{"href":"https:\/\/orthopaedie-gardelegen.de\/index.php?rest_route=\/wp\/v2\/pages"}],"about":[{"href":"https:\/\/orthopaedie-gardelegen.de\/index.php?rest_route=\/wp\/v2\/types\/page"}],"author":[{"embeddable":true,"href":"https:\/\/orthopaedie-gardelegen.de\/index.php?rest_route=\/wp\/v2\/users\/1"}],"replies":[{"embeddable":true,"href":"https:\/\/orthopaedie-gardelegen.de\/index.php?rest_route=%2Fwp%2Fv2%2Fcomments&post=8085"}],"version-history":[{"count":7,"href":"https:\/\/orthopaedie-gardelegen.de\/index.php?rest_route=\/wp\/v2\/pages\/8085\/revisions"}],"predecessor-version":[{"id":8910,"href":"https:\/\/orthopaedie-gardelegen.de\/index.php?rest_route=\/wp\/v2\/pages\/8085\/revisions\/8910"}],"wp:attachment":[{"href":"https:\/\/orthopaedie-gardelegen.de\/index.php?rest_route=%2Fwp%2Fv2%2Fmedia&parent=8085"}],"curies":[{"name":"wp","href":"https:\/\/api.w.org\/{rel}","templated":true}]}}