{"id":7991,"date":"2018-07-16T05:02:03","date_gmt":"2018-07-16T05:02:03","guid":{"rendered":"https:\/\/orthopaedie-gardelegen.de\/?page_id=7991"},"modified":"2025-05-12T12:49:50","modified_gmt":"2025-05-12T12:49:50","slug":"dr-thomas-olaf-bittner","status":"publish","type":"page","link":"https:\/\/orthopaedie-gardelegen.de\/?page_id=7991","title":{"rendered":"Dr. Thomas-Olaf Bittner"},"content":{"rendered":"<div class=\"wpb-content-wrapper\"><p>[vc_section full_width=&#8221;stretch_row&#8221; css=&#8221;.vc_custom_1583415552992{margin-top: 0px !important;margin-bottom: 0px !important;padding-top: 80px !important;padding-bottom: 0px !important;background-position: center !important;background-repeat: no-repeat !important;background-size: contain !important;}&#8221; el_class=&#8221;background-position-top-custom&#8221;][vc_row full_width=&#8221;stretch_row&#8221; css=&#8221;.vc_custom_1583412183034{margin-top: 0px !important;margin-bottom: 0px !important;padding-top: 0px !important;padding-bottom: 90px !important;}&#8221;][vc_column css_animation=&#8221;none&#8221; width=&#8221;1\/3&#8243; css=&#8221;.vc_custom_1583412151832{margin-top: 0px !important;margin-bottom: 0px !important;padding-top: 10px !important;padding-right: 0px !important;padding-bottom: 0px !important;padding-left: 0px !important;}&#8221;][vc_single_image image=&#8221;8514&#8243; img_size=&#8221;full&#8221; alignment=&#8221;center&#8221; style=&#8221;vc_box_outline&#8221; css=&#8221;.vc_custom_1583412174687{margin-top: 0px !important;margin-bottom: 0px !important;padding-top: 0px !important;padding-bottom: 0px !important;}&#8221;][\/vc_column][vc_column css_animation=&#8221;none&#8221; width=&#8221;2\/3&#8243; css=&#8221;.vc_custom_1583429362517{margin-top: 0px !important;margin-bottom: 0px !important;padding-top: 10px !important;padding-bottom: 0px !important;padding-left: 25px !important;}&#8221;][vc_custom_heading text=&#8221;Schwerpunktpraxis f\u00fcr Arthroskopie und Gelenkoperationen&#8221; font_container=&#8221;tag:h3|font_size:20px|text_align:left|color:%233cb745|line_height:30px&#8221; use_theme_fonts=&#8221;yes&#8221; css_animation=&#8221;none&#8221; css=&#8221;.vc_custom_1583429686469{margin-top: 0px !important;margin-bottom: 0px !important;padding-top: 0px !important;padding-bottom: 0px !important;}&#8221;][vc_empty_space height=&#8221;20px&#8221;][vc_column_text]Willkommen in der orthop\u00e4dischen Schwerpunktpraxis f\u00fcr Arthroskopie und Gelenkoperationen von Dr. Thomas-Olaf Bittner. Schwerpunkt meiner Praxis f\u00fcr Arthroskopie und Gelenkoperationen sind Operationen an der Schulter, am Ellenbogen, am H\u00fcftgelenk, am Kniegelenk und am Sprunggelenk, sowie Sportverletzungen an diesen Gelenken.<br \/>\nAlle notwendigen Operationen werden von Dr. Thomas-Olaf Bittner h\u00f6chstpers\u00f6nlich in unserer Kooperationsklinik durchgef\u00fchrt.[\/vc_column_text][vc_single_image image=&#8221;8899&#8243; img_size=&#8221;full&#8221; alignment=&#8221;center&#8221; onclick=&#8221;custom_link&#8221; css=&#8221;&#8221; link=&#8221;https:\/\/orthopaedie-gardelegen.de\/wp-content\/uploads\/2023\/02\/BITTNER-AGA-CERTIFIED-SURGEON.pdf&#8221;][\/vc_column][\/vc_row][vc_row full_width=&#8221;stretch_row&#8221; css=&#8221;.vc_custom_1585219029532{padding-bottom: 20px !important;background-color: #f7f7f7 !important;}&#8221;][vc_column width=&#8221;1\/2&#8243; css=&#8221;.vc_custom_1585218879890{margin-bottom: 0px !important;padding-bottom: 0px !important;}&#8221;][vc_custom_heading text=&#8221;Qualifikationen&#8221; font_container=&#8221;tag:h3|font_size:20px|text_align:left|color:%233cb745|line_height:30px&#8221; use_theme_fonts=&#8221;yes&#8221; css_animation=&#8221;none&#8221; css=&#8221;.vc_custom_1585216377967{margin-top: 0px !important;margin-bottom: 0px !important;padding-top: 0px !important;padding-bottom: 0px !important;}&#8221;][vc_column_text css=&#8221;.vc_custom_1747054145333{margin-bottom: 0px !important;padding-top: 25px !important;padding-bottom: 0px !important;}&#8221;]<\/p>\n<table>\n<tbody>\n<tr>\n<td><strong>2025<\/strong><\/td>\n<td>Zertifizierter Gutachter der FGIMB<\/td>\n<\/tr>\n<tr>\n<td style=\"vertical-align: top;\"><strong>2021<\/strong><\/td>\n<td>Stellvertr. Vorsitzender der Schlichtungsstelle f\u00fcr Arzthaftungsfragen Sachsen-Anhalt.<\/td>\n<\/tr>\n<tr>\n<td><strong>2018<\/strong><\/td>\n<td>Zusatzqualifikation Spezielle Orthop\u00e4dische Chirurgie<\/td>\n<\/tr>\n<tr>\n<td><strong>2017<\/strong><\/td>\n<td>Gutachter f\u00fcr die \u00c4rztekammer Sachen-Anhalt<\/td>\n<\/tr>\n<tr>\n<td><strong>2017<\/strong><\/td>\n<td>Mitglied des Berufsbildungsausschusses der \u00c4rztekammer SA<\/td>\n<\/tr>\n<tr>\n<td><strong>2017<\/strong><\/td>\n<td>Mitglied in der Fach-und Pr\u00fcfungskommission Orthop\u00e4dische Rheumatologie<\/td>\n<\/tr>\n<tr>\n<td><strong>2017<\/strong><\/td>\n<td>Mitglied in der Fach-und Pr\u00fcfungskommission Manuelle Medizin<\/td>\n<\/tr>\n<tr>\n<td><strong>2017<\/strong><\/td>\n<td>Mitglied in der Fach-und Pr\u00fcfungskommission Physikalische Therapie<\/td>\n<\/tr>\n<tr>\n<td><strong>2016<\/strong><\/td>\n<td>Zertifizierter Kniechirurg der deutschen Kniegesellschaft (DKG).<\/td>\n<\/tr>\n<tr>\n<td><strong>2015<\/strong><\/td>\n<td>Gutachter f\u00fcr die Schlichtungsstelle<\/td>\n<\/tr>\n<tr>\n<td><strong>2012<\/strong><\/td>\n<td>Mitglied in der Fach- und Pr\u00fcfungskommission Sportmedizin<\/td>\n<\/tr>\n<\/tbody>\n<\/table>\n<p>[\/vc_column_text][\/vc_column][vc_column width=&#8221;1\/2&#8243; css=&#8221;.vc_custom_1585727837844{margin-bottom: 0px !important;padding-top: 89px !important;padding-bottom: 0px !important;}&#8221;][vc_column_text css=&#8221;.vc_custom_1747054187615{margin-top: 0px !important;padding-top: 0px !important;}&#8221;]<\/p>\n<table>\n<tbody>\n<tr>\n<td><strong>2008<\/strong><\/td>\n<td>Facharzt f\u00fcr Orthop\u00e4die und Unfallchirurgie<\/td>\n<\/tr>\n<tr>\n<td><strong>2008<\/strong><\/td>\n<td>Zusatzqualifikation \u2013 Orthop\u00e4dische Rheumatologie<\/td>\n<\/tr>\n<tr>\n<td><strong>2006<\/strong><\/td>\n<td>Fachkunde im Strahlenschutz<\/td>\n<\/tr>\n<tr>\n<td><strong>2006<\/strong><\/td>\n<td>medizinischer Sachverst\u00e4ndiger<\/td>\n<\/tr>\n<tr>\n<td><strong>2005<\/strong><\/td>\n<td>Zusatzqualifikation \u2013 Chirotherapie<\/td>\n<\/tr>\n<tr>\n<td><strong>2005<\/strong><\/td>\n<td>Facharzt f\u00fcr Orthop\u00e4die<\/td>\n<\/tr>\n<tr>\n<td><strong>2003<\/strong><\/td>\n<td>Zusatzqualifikation \u2013 physikalische Therapie<\/td>\n<\/tr>\n<tr>\n<td><strong>2001<\/strong><\/td>\n<td>Zusatzqualifikation \u2013 Sportmedizin<\/td>\n<\/tr>\n<tr>\n<td style=\"vertical-align: top;\"><strong>2001<\/strong><\/td>\n<td>Diplom \u2013 Deutsche Gesellschaft f\u00fcr Sportmedizin und<br \/>\nPr\u00e4vention<\/td>\n<\/tr>\n<\/tbody>\n<\/table>\n<p>[\/vc_column_text][\/vc_column][\/vc_row][vc_row css=&#8221;.vc_custom_1585218972535{margin-top: 30px !important;}&#8221;][vc_column width=&#8221;1\/3&#8243;][vc_custom_heading text=&#8221;Kurzvita&#8221; font_container=&#8221;tag:h3|font_size:20px|text_align:left|color:%233cb745|line_height:30px&#8221; use_theme_fonts=&#8221;yes&#8221; css_animation=&#8221;none&#8221; css=&#8221;.vc_custom_1585216997805{margin-top: 0px !important;margin-bottom: 0px !important;padding-top: 0px !important;padding-bottom: 0px !important;}&#8221;][vc_column_text css=&#8221;.vc_custom_1585218803472{padding-top: 25px !important;}&#8221;]<\/p>\n<table>\n<tbody>\n<tr>\n<td valign=\"top\" width=\"100px\"><strong>1991 &#8211; 1997<\/strong><\/td>\n<td>Studium der Humanmedizin (Universit\u00e4t Magdeburg \/ Leipzig)<\/td>\n<\/tr>\n<tr>\n<td valign=\"top\" width=\"100px\"><strong>1997 &#8211; 2005<\/strong><\/td>\n<td>Facharztausbildung Orthop\u00e4dische Universit\u00e4tsklink Magdeburg<\/td>\n<\/tr>\n<tr>\n<td valign=\"top\" width=\"100px\"><strong>2005<\/strong><\/td>\n<td>Dozentent\u00e4tigkeit IWK Magdeburg<\/td>\n<\/tr>\n<tr>\n<td valign=\"top\" width=\"100px\"><strong>2006 &#8211; 2007<\/strong><\/td>\n<td>Leiter der Orthop\u00e4die PKS\/Universit\u00e4tsklinikum<\/td>\n<\/tr>\n<tr>\n<td valign=\"top\" width=\"100px\"><strong>2007<\/strong><\/td>\n<td>Aufnahme der vertrags\u00e4rztliche T\u00e4tigkeit in Gardelegen<\/td>\n<\/tr>\n<tr>\n<td valign=\"top\" width=\"100px\"><strong>2010<\/strong><\/td>\n<td>Weiterbildungserm\u00e4chtigung f\u00fcr die Fachkompetenz Orthop\u00e4die und Unfallchirurgie (18 Monate)<\/td>\n<\/tr>\n<\/tbody>\n<\/table>\n<p>[\/vc_column_text][vc_empty_space height=&#8221;20px&#8221;][\/vc_column][vc_column width=&#8221;1\/3&#8243;][vc_custom_heading text=&#8221;T\u00e4tigkeiten&#8221; font_container=&#8221;tag:h3|font_size:20px|text_align:left|color:%233cb745|line_height:30px&#8221; use_theme_fonts=&#8221;yes&#8221; css_animation=&#8221;none&#8221; css=&#8221;.vc_custom_1585217002542{margin-top: 0px !important;margin-bottom: 0px !important;padding-top: 0px !important;padding-bottom: 0px !important;}&#8221;][vc_column_text css=&#8221;.vc_custom_1585218741514{margin-bottom: 0px !important;padding-bottom: 5px !important;}&#8221;](Facharztausbildung)[\/vc_column_text][vc_column_text]<\/p>\n<table>\n<tbody>\n<tr>\n<td valign=\"top\" height=\"70px\"><strong>Olympiast\u00fctzpunkt Magdeburg <\/strong><br \/>\n(Prof Dr. med. W. Neumann)<br \/>\nFriedrich-Ebert-Str. 68, 39114 Magdeburg<\/td>\n<\/tr>\n<tr>\n<td valign=\"top\" height=\"100px\"><strong>Teufelsbad<\/strong><br \/>\nFachklink (Klinik f\u00fcr Orthop\u00e4die und Rheumatologie)<br \/>\n(Prof. Dr. med. habil. Karin Kluge)<br \/>\nMichaelstein 18, 38889 Blankenburg<\/td>\n<\/tr>\n<tr>\n<td valign=\"top\" height=\"70px\"><strong>Kreiskrankenhaus Sch\u00f6nebeck<\/strong><br \/>\n(CA Dr. med. A. Thews)<br \/>\nK\u00f6thener Str. 13, 39202 Sch\u00f6nebeck<\/td>\n<\/tr>\n<tr>\n<td valign=\"top\" height=\"70px\"><strong>Marienkrankenhaus Kaiserswerth<\/strong><br \/>\n(PD Dr. med. W. Nebelung)<br \/>\nAn St. Swidbert 17, 40489 D\u00fcsseldorf<\/td>\n<\/tr>\n<\/tbody>\n<\/table>\n<p>[\/vc_column_text][vc_empty_space height=&#8221;20px&#8221;][\/vc_column][vc_column width=&#8221;1\/3&#8243;][vc_custom_heading text=&#8221;Promotion&#8221; font_container=&#8221;tag:h3|font_size:20px|text_align:left|color:%233cb745|line_height:30px&#8221; use_theme_fonts=&#8221;yes&#8221; css_animation=&#8221;none&#8221; css=&#8221;.vc_custom_1585217017470{margin-top: 0px !important;margin-bottom: 0px !important;padding-top: 0px !important;padding-bottom: 0px !important;}&#8221;][vc_column_text css=&#8221;.vc_custom_1585218775727{padding-top: 25px !important;}&#8221;]<\/p>\n<table>\n<tbody>\n<tr>\n<td valign=\"top\"><strong>2002<\/strong><\/td>\n<td>Spezialprothesen zur Rekonstruktion gelenknaher Kochendefekte bei Tumorerkrankungen der unteren Extremitaeten.<\/td>\n<\/tr>\n<\/tbody>\n<\/table>\n<p>[\/vc_column_text][vc_empty_space height=&#8221;20px&#8221;][\/vc_column][\/vc_row][vc_row][vc_column][vc_empty_space height=&#8221;80px&#8221;][\/vc_column][\/vc_row][\/vc_section]<\/p>\n<\/div>","protected":false},"excerpt":{"rendered":"<p>[vc_section full_width=&#8221;stretch_row&#8221; css=&#8221;.vc_custom_1583415552992{margin-top: 0px !important;margin-bottom: 0px !important;padding-top: 80px !important;padding-bottom: 0px !important;background-position: center !important;background-repeat: no-repeat !important;background-size: contain !important;}&#8221; el_class=&#8221;background-position-top-custom&#8221;][vc_row full_width=&#8221;stretch_row&#8221; css=&#8221;.vc_custom_1583412183034{margin-top: 0px !important;margin-bottom: 0px !important;padding-top: 0px !important;padding-bottom: 90px !important;}&#8221;][vc_column css_animation=&#8221;none&#8221; width=&#8221;1\/3&#8243; css=&#8221;.vc_custom_1583412151832{margin-top: 0px !important;margin-bottom: 0px !important;padding-top: 10px !important;padding-right: 0px !important;padding-bottom: 0px !important;padding-left: 0px !important;}&#8221;][vc_single_image image=&#8221;8514&#8243; img_size=&#8221;full&#8221; alignment=&#8221;center&#8221; style=&#8221;vc_box_outline&#8221; css=&#8221;.vc_custom_1583412174687{margin-top: 0px !important;margin-bottom: 0px !important;padding-top: 0px !important;padding-bottom: 0px [&hellip;]<\/p>\n","protected":false},"author":1,"featured_media":0,"parent":0,"menu_order":0,"comment_status":"closed","ping_status":"closed","template":"","meta":{"footnotes":""},"class_list":["post-7991","page","type-page","status-publish","hentry"],"yoast_head":"<!-- This site is optimized with the Yoast SEO plugin v27.0 - https:\/\/yoast.com\/product\/yoast-seo-wordpress\/ -->\n<title>Dr. Thomas-Olaf Bittner - Orthop\u00e4die Gardelegen<\/title>\n<meta name=\"description\" content=\"Willkommen in der orthop\u00e4dischen Schwerpunktpraxis f\u00fcr Arthroskopie und Gelenkoperationen von Dr. Thomas-Olaf Bittner.\" \/>\n<meta name=\"robots\" content=\"index, follow, max-snippet:-1, max-image-preview:large, max-video-preview:-1\" \/>\n<link rel=\"canonical\" href=\"https:\/\/orthopaedie-gardelegen.de\/?page_id=7991\" \/>\n<meta property=\"og:locale\" content=\"de_DE\" \/>\n<meta property=\"og:type\" content=\"article\" \/>\n<meta property=\"og:title\" content=\"Dr. Thomas-Olaf Bittner - Orthop\u00e4die Gardelegen\" \/>\n<meta property=\"og:description\" content=\"Willkommen in der orthop\u00e4dischen Schwerpunktpraxis f\u00fcr Arthroskopie und Gelenkoperationen von Dr. Thomas-Olaf Bittner.\" \/>\n<meta property=\"og:url\" content=\"https:\/\/orthopaedie-gardelegen.de\/?page_id=7991\" \/>\n<meta property=\"og:site_name\" content=\"Orthop\u00e4die Gardelegen\" \/>\n<meta property=\"article:modified_time\" content=\"2025-05-12T12:49:50+00:00\" \/>\n<meta name=\"twitter:card\" content=\"summary_large_image\" \/>\n<meta name=\"twitter:label1\" content=\"Gesch\u00e4tzte Lesezeit\" \/>\n\t<meta name=\"twitter:data1\" content=\"4\u00a0Minuten\" \/>\n<script type=\"application\/ld+json\" class=\"yoast-schema-graph\">{\"@context\":\"https:\/\/schema.org\",\"@graph\":[{\"@type\":\"WebPage\",\"@id\":\"https:\/\/orthopaedie-gardelegen.de\/?page_id=7991\",\"url\":\"https:\/\/orthopaedie-gardelegen.de\/?page_id=7991\",\"name\":\"Dr. Thomas-Olaf Bittner - Orthop\u00e4die Gardelegen\",\"isPartOf\":{\"@id\":\"https:\/\/orthopaedie-gardelegen.de\/#website\"},\"datePublished\":\"2018-07-16T05:02:03+00:00\",\"dateModified\":\"2025-05-12T12:49:50+00:00\",\"description\":\"Willkommen in der orthop\u00e4dischen Schwerpunktpraxis f\u00fcr Arthroskopie und Gelenkoperationen von Dr. Thomas-Olaf Bittner.\",\"breadcrumb\":{\"@id\":\"https:\/\/orthopaedie-gardelegen.de\/?page_id=7991#breadcrumb\"},\"inLanguage\":\"de\",\"potentialAction\":[{\"@type\":\"ReadAction\",\"target\":[\"https:\/\/orthopaedie-gardelegen.de\/?page_id=7991\"]}]},{\"@type\":\"BreadcrumbList\",\"@id\":\"https:\/\/orthopaedie-gardelegen.de\/?page_id=7991#breadcrumb\",\"itemListElement\":[{\"@type\":\"ListItem\",\"position\":1,\"name\":\"Startseite\",\"item\":\"https:\/\/orthopaedie-gardelegen.de\/\"},{\"@type\":\"ListItem\",\"position\":2,\"name\":\"Dr. Thomas-Olaf Bittner\"}]},{\"@type\":\"WebSite\",\"@id\":\"https:\/\/orthopaedie-gardelegen.de\/#website\",\"url\":\"https:\/\/orthopaedie-gardelegen.de\/\",\"name\":\"Orthop\u00e4die Gardelegen\",\"description\":\"Dr. Thomas- Olaf Bittner Facharzt f\u00fcr Orthop\u00e4de\",\"potentialAction\":[{\"@type\":\"SearchAction\",\"target\":{\"@type\":\"EntryPoint\",\"urlTemplate\":\"https:\/\/orthopaedie-gardelegen.de\/?s={search_term_string}\"},\"query-input\":{\"@type\":\"PropertyValueSpecification\",\"valueRequired\":true,\"valueName\":\"search_term_string\"}}],\"inLanguage\":\"de\"}]}<\/script>\n<!-- \/ Yoast SEO plugin. -->","yoast_head_json":{"title":"Dr. Thomas-Olaf Bittner - Orthop\u00e4die Gardelegen","description":"Willkommen in der orthop\u00e4dischen Schwerpunktpraxis f\u00fcr Arthroskopie und Gelenkoperationen von Dr. Thomas-Olaf Bittner.","robots":{"index":"index","follow":"follow","max-snippet":"max-snippet:-1","max-image-preview":"max-image-preview:large","max-video-preview":"max-video-preview:-1"},"canonical":"https:\/\/orthopaedie-gardelegen.de\/?page_id=7991","og_locale":"de_DE","og_type":"article","og_title":"Dr. Thomas-Olaf Bittner - Orthop\u00e4die Gardelegen","og_description":"Willkommen in der orthop\u00e4dischen Schwerpunktpraxis f\u00fcr Arthroskopie und Gelenkoperationen von Dr. Thomas-Olaf Bittner.","og_url":"https:\/\/orthopaedie-gardelegen.de\/?page_id=7991","og_site_name":"Orthop\u00e4die Gardelegen","article_modified_time":"2025-05-12T12:49:50+00:00","twitter_card":"summary_large_image","twitter_misc":{"Gesch\u00e4tzte Lesezeit":"4\u00a0Minuten"},"schema":{"@context":"https:\/\/schema.org","@graph":[{"@type":"WebPage","@id":"https:\/\/orthopaedie-gardelegen.de\/?page_id=7991","url":"https:\/\/orthopaedie-gardelegen.de\/?page_id=7991","name":"Dr. Thomas-Olaf Bittner - Orthop\u00e4die Gardelegen","isPartOf":{"@id":"https:\/\/orthopaedie-gardelegen.de\/#website"},"datePublished":"2018-07-16T05:02:03+00:00","dateModified":"2025-05-12T12:49:50+00:00","description":"Willkommen in der orthop\u00e4dischen Schwerpunktpraxis f\u00fcr Arthroskopie und Gelenkoperationen von Dr. Thomas-Olaf Bittner.","breadcrumb":{"@id":"https:\/\/orthopaedie-gardelegen.de\/?page_id=7991#breadcrumb"},"inLanguage":"de","potentialAction":[{"@type":"ReadAction","target":["https:\/\/orthopaedie-gardelegen.de\/?page_id=7991"]}]},{"@type":"BreadcrumbList","@id":"https:\/\/orthopaedie-gardelegen.de\/?page_id=7991#breadcrumb","itemListElement":[{"@type":"ListItem","position":1,"name":"Startseite","item":"https:\/\/orthopaedie-gardelegen.de\/"},{"@type":"ListItem","position":2,"name":"Dr. Thomas-Olaf Bittner"}]},{"@type":"WebSite","@id":"https:\/\/orthopaedie-gardelegen.de\/#website","url":"https:\/\/orthopaedie-gardelegen.de\/","name":"Orthop\u00e4die Gardelegen","description":"Dr. Thomas- Olaf Bittner Facharzt f\u00fcr Orthop\u00e4de","potentialAction":[{"@type":"SearchAction","target":{"@type":"EntryPoint","urlTemplate":"https:\/\/orthopaedie-gardelegen.de\/?s={search_term_string}"},"query-input":{"@type":"PropertyValueSpecification","valueRequired":true,"valueName":"search_term_string"}}],"inLanguage":"de"}]}},"_links":{"self":[{"href":"https:\/\/orthopaedie-gardelegen.de\/index.php?rest_route=\/wp\/v2\/pages\/7991","targetHints":{"allow":["GET"]}}],"collection":[{"href":"https:\/\/orthopaedie-gardelegen.de\/index.php?rest_route=\/wp\/v2\/pages"}],"about":[{"href":"https:\/\/orthopaedie-gardelegen.de\/index.php?rest_route=\/wp\/v2\/types\/page"}],"author":[{"embeddable":true,"href":"https:\/\/orthopaedie-gardelegen.de\/index.php?rest_route=\/wp\/v2\/users\/1"}],"replies":[{"embeddable":true,"href":"https:\/\/orthopaedie-gardelegen.de\/index.php?rest_route=%2Fwp%2Fv2%2Fcomments&post=7991"}],"version-history":[{"count":23,"href":"https:\/\/orthopaedie-gardelegen.de\/index.php?rest_route=\/wp\/v2\/pages\/7991\/revisions"}],"predecessor-version":[{"id":8970,"href":"https:\/\/orthopaedie-gardelegen.de\/index.php?rest_route=\/wp\/v2\/pages\/7991\/revisions\/8970"}],"wp:attachment":[{"href":"https:\/\/orthopaedie-gardelegen.de\/index.php?rest_route=%2Fwp%2Fv2%2Fmedia&parent=7991"}],"curies":[{"name":"wp","href":"https:\/\/api.w.org\/{rel}","templated":true}]}}