{"id":7314,"date":"2018-06-02T09:57:20","date_gmt":"2018-06-02T09:57:20","guid":{"rendered":"https:\/\/orthopaedie-gardelegen.de\/?page_id=7314"},"modified":"2025-04-01T13:05:30","modified_gmt":"2025-04-01T13:05:30","slug":"kontakt","status":"publish","type":"page","link":"https:\/\/orthopaedie-gardelegen.de\/?page_id=7314","title":{"rendered":"Kontakt"},"content":{"rendered":"<div class=\"wpb-content-wrapper\"><p>[vc_section full_width=&#8221;stretch_row&#8221; css=&#8221;.vc_custom_1519729320894{margin-top: 0px !important;margin-bottom: 0px !important;padding-top: 0px !important;padding-bottom: 0px !important;background-color: #ffffff !important;background-position: center !important;background-repeat: no-repeat !important;background-size: cover !important;}&#8221;][vc_row full_width=&#8221;stretch_row&#8221; gap=&#8221;30&#8243; equal_height=&#8221;yes&#8221; css_animation=&#8221;none&#8221; css=&#8221;.vc_custom_1583424754808{margin-top: 0px !important;margin-bottom: 6px !important;padding-top: 90px !important;padding-bottom: 0px !important;}&#8221;][vc_column width=&#8221;1\/3&#8243; css=&#8221;.vc_custom_1583424544507{margin-top: 0px !important;margin-right: 0px !important;margin-bottom: 0px !important;margin-left: 0px !important;border-top-width: 1px !important;border-right-width: 1px !important;border-bottom-width: 1px !important;border-left-width: 1px !important;padding-top: 0px !important;padding-right: 0px !important;padding-bottom: 0px !important;padding-left: 0px !important;border-left-color: #dcdcdc !important;border-left-style: solid !important;border-right-color: #dcdcdc !important;border-right-style: solid !important;border-top-color: #dcdcdc !important;border-top-style: solid !important;border-bottom-color: #dcdcdc !important;border-bottom-style: solid !important;}&#8221;][vc_row_inner css=&#8221;.vc_custom_1583424458046{margin-top: 0px !important;margin-bottom: 0px !important;padding-top: 25px !important;padding-right: 40px !important;padding-bottom: 15px !important;padding-left: 40px !important;background-position: center !important;background-repeat: no-repeat !important;background-size: contain !important;}&#8221;][vc_column_inner css=&#8221;.vc_custom_1528363710871{margin-top: 0px !important;margin-bottom: 0px !important;padding-top: 0px !important;padding-right: 0px !important;padding-bottom: 0px !important;padding-left: 0px !important;background-position: center !important;background-repeat: no-repeat !important;background-size: cover !important;}&#8221;][vc_custom_heading text=&#8221;Kontakt Praxis Gardelegen&#8221; font_container=&#8221;tag:h3|font_size:18px|text_align:left|line_height:27px&#8221; use_theme_fonts=&#8221;yes&#8221; css=&#8221;.vc_custom_1583424923528{padding-bottom: 15px !important;}&#8221;][vc_column_text css=&#8221;&#8221;]<strong>Adresse:<\/strong> Gartenstr. 29 \u2013 39638 Gardelegen<br \/>\n<strong>Telefon:<\/strong> 03907 778778<br \/>\n<strong>Fax:<\/strong> 03907 778825<br \/>\n<strong>E-Mail:<\/strong> orthopaedische-praxis-bittner@web.de[\/vc_column_text][vc_custom_heading text=&#8221;Kontakt Praxis Magdeburg&#8221; font_container=&#8221;tag:h3|font_size:18px|text_align:left|line_height:27px&#8221; use_theme_fonts=&#8221;yes&#8221; css=&#8221;.vc_custom_1585138744504{padding-bottom: 15px !important;}&#8221;][vc_column_text css=&#8221;&#8221;]<strong>Adresse:<\/strong> Klausenerstr. 24a \u2013 39112 Magdeburg<br \/>\n<strong>Telefon:<\/strong> 0391 81066311<br \/>\n<strong>Fax:<\/strong> 0391 81066312<br \/>\n<strong>E-Mail:<\/strong> orthopaedische-praxis-bittner@web.de[\/vc_column_text][\/vc_column_inner][\/vc_row_inner][\/vc_column][vc_column css_animation=&#8221;none&#8221; width=&#8221;1\/3&#8243; css=&#8221;.vc_custom_1583743212530{margin-top: 0px !important;margin-bottom: 0px !important;border-top-width: 1px !important;border-right-width: 1px !important;border-bottom-width: 1px !important;border-left-width: 1px !important;padding-top: 0px !important;padding-right: 0px !important;padding-bottom: 0px !important;padding-left: 0px !important;background-position: center !important;background-repeat: no-repeat !important;background-size: contain !important;border-left-color: #dcdcdc !important;border-left-style: solid !important;border-right-color: #dcdcdc !important;border-right-style: solid !important;border-top-color: #dcdcdc !important;border-top-style: solid !important;border-bottom-color: #dcdcdc !important;border-bottom-style: solid !important;}&#8221; el_class=&#8221;background-position-right-bottom&#8221;][vc_row_inner css=&#8221;.vc_custom_1583424596864{margin-top: 0px !important;margin-bottom: 0px !important;padding-top: 25px !important;padding-right: 40px !important;padding-bottom: 15px !important;padding-left: 40px !important;background-position: center !important;background-repeat: no-repeat !important;background-size: contain !important;}&#8221;][vc_column_inner css=&#8221;.vc_custom_1528363710871{margin-top: 0px !important;margin-bottom: 0px !important;padding-top: 0px !important;padding-right: 0px !important;padding-bottom: 0px !important;padding-left: 0px !important;background-position: center !important;background-repeat: no-repeat !important;background-size: cover !important;}&#8221;][vc_custom_heading text=&#8221;Anfahrt Praxis Gardelegen&#8221; font_container=&#8221;tag:h3|font_size:18px|text_align:left|line_height:27px&#8221; use_theme_fonts=&#8221;yes&#8221;][\/vc_column_inner][\/vc_row_inner][vc_gmaps link=&#8221;#E-8_JTNDaWZyYW1lJTIwc3JjJTNEJTIyaHR0cHMlM0ElMkYlMkZ3d3cuZ29vZ2xlLmNvbSUyRm1hcHMlMkZlbWJlZCUzRnBiJTNEJTIxMW0xNCUyMTFtOCUyMTFtMyUyMTFkMTk0MjAuODg2OTMzNjMwMDEyJTIxMmQxMS40MDM2MjQlMjEzZDUyLjUyMjM4MSUyMTNtMiUyMTFpMTAyNCUyMTJpNzY4JTIxNGYxMy4xJTIxM20zJTIxMW0yJTIxMXMweDQ3YWYwZDFlOWVlNGY2ZmYlMjUzQTB4ZDM4ZmUxMjljNjljZWI1ZSUyMTJzR2FydGVuc3RyYSUyNUMzJTI1OUZlJTJCMjklMjUyQyUyQjM5NjM4JTJCR2FyZGVsZWdlbiUyNTJDJTJCRGV1dHNjaGxhbmQlMjE1ZTAlMjEzbTIlMjExc2RlJTIxMnN1cyUyMTR2MTQzNjQ1MTgwNjk1NSUyMiUyMHdpZHRoJTNEJTIyNjAwJTIyJTIwaGVpZ2h0JTNEJTIyMjUwJTIyJTIwZnJhbWVib3JkZXIlM0QlMjIwJTIyJTIwc3R5bGUlM0QlMjJib3JkZXIlM0EwJTIyJTIwYWxsb3dmdWxsc2NyZWVuJTNEJTIyJTIyJTIwem9vbSUzRCUyMjE0JTIyJTNFJTNDJTJGaWZyYW1lJTNF&#8221; el_class=&#8221;map&#8221;][\/vc_column][vc_column css_animation=&#8221;none&#8221; width=&#8221;1\/3&#8243; css=&#8221;.vc_custom_1583743221512{border-top-width: 1px !important;border-right-width: 1px !important;border-bottom-width: 1px !important;border-left-width: 1px !important;padding-top: 0px !important;padding-right: 0px !important;padding-bottom: 0px !important;padding-left: 0px !important;background-position: center !important;background-repeat: no-repeat !important;background-size: contain !important;border-left-color: #dcdcdc !important;border-left-style: solid !important;border-right-color: #dcdcdc !important;border-right-style: solid !important;border-top-color: #dcdcdc !important;border-top-style: solid !important;border-bottom-color: #dcdcdc !important;border-bottom-style: solid !important;}&#8221;][vc_row_inner css=&#8221;.vc_custom_1583424463273{margin-top: 0px !important;margin-bottom: 0px !important;padding-top: 25px !important;padding-right: 40px !important;padding-bottom: 15px !important;padding-left: 40px !important;background-position: center !important;background-repeat: no-repeat !important;background-size: contain !important;}&#8221;][vc_column_inner css=&#8221;.vc_custom_1528363756492{margin-top: 0px !important;margin-bottom: 0px !important;padding-top: 0px !important;padding-right: 0px !important;padding-bottom: 0px !important;padding-left: 0px !important;background-position: center !important;background-repeat: no-repeat !important;background-size: cover !important;}&#8221;][vc_custom_heading text=&#8221;Anfahrt Praxis Magdeburg&#8221; font_container=&#8221;tag:h3|font_size:18px|text_align:left|line_height:27px&#8221; use_theme_fonts=&#8221;yes&#8221;][\/vc_column_inner][\/vc_row_inner][vc_gmaps link=&#8221;#E-8_JTNDaWZyYW1lJTIwc3JjJTNEJTIyaHR0cHMlM0ElMkYlMkZ3d3cuZ29vZ2xlLmNvbSUyRm1hcHMlMkZlbWJlZCUzRnBiJTNEJTIxMW0xNCUyMTFtOCUyMTFtMyUyMTFkMzkyMDAuOTczMjU3NzQ3MzQlMjEyZDExLjYwNTE0NyUyMTNkNTIuMTE1MDIyJTIxM20yJTIxMWkxMDI0JTIxMmk3NjglMjE0ZjEzLjElMjEzbTMlMjExbTIlMjExczB4NDdhNWY1OTE0NzQ1ZDI0MyUyNTNBMHgzYTc4ZWZjZDIxMGViYmMxJTIxMnNLbGF1c2VuZXJzdHJhJTI1QzMlMjU5RmUlMjUyQyUyQjM5MTEyJTJCTWFnZGVidXJnJTI1MkMlMkJEZXV0c2NobGFuZCUyMTVlMCUyMTNtMiUyMTFzZGUlMjEyc2RlJTIxNHYxNDM2NDUxODg1MDU2JTIyJTIwd2lkdGglM0QlMjI2MDAlMjIlMjBoZWlnaHQlM0QlMjIyNTAlMjIlMjBmcmFtZWJvcmRlciUzRCUyMjAlMjIlMjBzdHlsZSUzRCUyMmJvcmRlciUzQTAlMjIlMjBhbGxvd2Z1bGxzY3JlZW4lM0QlMjIlMjIlMjB6b29tJTNEJTIyMTQlMjIlM0UlM0MlMkZpZnJhbWUlM0U=&#8221; el_class=&#8221;map&#8221;][\/vc_column][\/vc_row][\/vc_section][vc_row full_width=&#8221;stretch_row&#8221; equal_height=&#8221;yes&#8221; css_animation=&#8221;none&#8221; css=&#8221;.vc_custom_1519735285326{margin-top: 0px !important;margin-bottom: 0px !important;padding-top: 73px !important;padding-bottom: 73px !important;background-color: #f7f7f7 !important;}&#8221;][vc_column width=&#8221;1\/6&#8243; css=&#8221;.vc_custom_1519735313463{margin-top: 0px !important;margin-bottom: 0px !important;padding-top: 0px !important;padding-bottom: 0px !important;}&#8221;][\/vc_column][vc_column width=&#8221;2\/3&#8243; css=&#8221;.vc_custom_1519733264007{margin-top: 0px !important;margin-bottom: 0px !important;padding-top: 0px !important;padding-bottom: 0px !important;}&#8221;][vc_custom_heading text=&#8221;Vereinbaren Sie mit uns einen Termin&#8221; font_container=&#8221;tag:h3|font_size:40px|text_align:center|line_height:48px&#8221; use_theme_fonts=&#8221;yes&#8221; css_animation=&#8221;none&#8221; css=&#8221;.vc_custom_1583424784139{margin-top: 0px !important;margin-bottom: 0px !important;padding-top: 0px !important;padding-bottom: 0px !important;}&#8221; el_class=&#8221;font-weight-bold&#8221;][vc_column_text css_animation=&#8221;none&#8221; css=&#8221;.vc_custom_1583424793692{margin-top: 25px !important;margin-bottom: 0px !important;padding-top: 0px !important;padding-right: 0px !important;padding-bottom: 0px !important;padding-left: 0px !important;}&#8221;]<\/p>\n<p style=\"text-align: center;\">Wir kontaktieren Sie so schnell wie m\u00f6glich, um Sie nicht lange warten zu lassen!<\/p>\n<p>[\/vc_column_text][vc_row_inner css=&#8221;.vc_custom_1519730957211{margin-top: 35px !important;margin-bottom: 0px !important;padding-top: 0px !important;padding-bottom: 0px !important;}&#8221;][vc_column_inner][vc_raw_html css=&#8221;&#8221;]JTVCZm9ybWlkYWJsZSUyMGlkJTNEMyU1RA==[\/vc_raw_html][\/vc_column_inner][\/vc_row_inner][\/vc_column][vc_column width=&#8221;1\/6&#8243;][\/vc_column][\/vc_row]<\/p>\n<\/div>","protected":false},"excerpt":{"rendered":"<p>[vc_section full_width=&#8221;stretch_row&#8221; css=&#8221;.vc_custom_1519729320894{margin-top: 0px !important;margin-bottom: 0px !important;padding-top: 0px !important;padding-bottom: 0px !important;background-color: #ffffff !important;background-position: center !important;background-repeat: no-repeat !important;background-size: cover !important;}&#8221;][vc_row full_width=&#8221;stretch_row&#8221; gap=&#8221;30&#8243; equal_height=&#8221;yes&#8221; css_animation=&#8221;none&#8221; css=&#8221;.vc_custom_1583424754808{margin-top: 0px !important;margin-bottom: 6px !important;padding-top: 90px !important;padding-bottom: 0px !important;}&#8221;][vc_column width=&#8221;1\/3&#8243; css=&#8221;.vc_custom_1583424544507{margin-top: 0px !important;margin-right: 0px !important;margin-bottom: 0px !important;margin-left: 0px !important;border-top-width: 1px !important;border-right-width: 1px !important;border-bottom-width: 1px !important;border-left-width: 1px !important;padding-top: 0px !important;padding-right: 0px !important;padding-bottom: 0px [&hellip;]<\/p>\n","protected":false},"author":1,"featured_media":0,"parent":0,"menu_order":0,"comment_status":"closed","ping_status":"closed","template":"","meta":{"footnotes":""},"class_list":["post-7314","page","type-page","status-publish","hentry"],"yoast_head":"<!-- This site is optimized with the Yoast SEO plugin v27.0 - https:\/\/yoast.com\/product\/yoast-seo-wordpress\/ -->\n<title>Kontakt - Orthop\u00e4die Gardelegen<\/title>\n<meta name=\"description\" content=\"Vereinbaren Sie mit uns einen TerminWir kontaktieren Sie so schnell wie m\u00f6glich, um Sie nicht lange warten zu lassen!\" \/>\n<meta name=\"robots\" content=\"index, follow, max-snippet:-1, max-image-preview:large, max-video-preview:-1\" \/>\n<link rel=\"canonical\" href=\"https:\/\/orthopaedie-gardelegen.de\/?page_id=7314\" \/>\n<meta property=\"og:locale\" content=\"de_DE\" \/>\n<meta property=\"og:type\" content=\"article\" \/>\n<meta property=\"og:title\" content=\"Kontakt - Orthop\u00e4die Gardelegen\" \/>\n<meta property=\"og:description\" content=\"Vereinbaren Sie mit uns einen TerminWir kontaktieren Sie so schnell wie m\u00f6glich, um Sie nicht lange warten zu lassen!\" \/>\n<meta property=\"og:url\" content=\"https:\/\/orthopaedie-gardelegen.de\/?page_id=7314\" \/>\n<meta property=\"og:site_name\" content=\"Orthop\u00e4die Gardelegen\" \/>\n<meta property=\"article:modified_time\" content=\"2025-04-01T13:05:30+00:00\" \/>\n<meta name=\"twitter:card\" content=\"summary_large_image\" \/>\n<meta name=\"twitter:label1\" content=\"Gesch\u00e4tzte Lesezeit\" \/>\n\t<meta name=\"twitter:data1\" content=\"3\u00a0Minuten\" \/>\n<script type=\"application\/ld+json\" class=\"yoast-schema-graph\">{\"@context\":\"https:\/\/schema.org\",\"@graph\":[{\"@type\":\"WebPage\",\"@id\":\"https:\/\/orthopaedie-gardelegen.de\/?page_id=7314\",\"url\":\"https:\/\/orthopaedie-gardelegen.de\/?page_id=7314\",\"name\":\"Kontakt - Orthop\u00e4die Gardelegen\",\"isPartOf\":{\"@id\":\"https:\/\/orthopaedie-gardelegen.de\/#website\"},\"datePublished\":\"2018-06-02T09:57:20+00:00\",\"dateModified\":\"2025-04-01T13:05:30+00:00\",\"description\":\"Vereinbaren Sie mit uns einen TerminWir kontaktieren Sie so schnell wie m\u00f6glich, um Sie nicht lange warten zu lassen!\",\"breadcrumb\":{\"@id\":\"https:\/\/orthopaedie-gardelegen.de\/?page_id=7314#breadcrumb\"},\"inLanguage\":\"de\",\"potentialAction\":[{\"@type\":\"ReadAction\",\"target\":[\"https:\/\/orthopaedie-gardelegen.de\/?page_id=7314\"]}]},{\"@type\":\"BreadcrumbList\",\"@id\":\"https:\/\/orthopaedie-gardelegen.de\/?page_id=7314#breadcrumb\",\"itemListElement\":[{\"@type\":\"ListItem\",\"position\":1,\"name\":\"Startseite\",\"item\":\"https:\/\/orthopaedie-gardelegen.de\/\"},{\"@type\":\"ListItem\",\"position\":2,\"name\":\"Kontakt\"}]},{\"@type\":\"WebSite\",\"@id\":\"https:\/\/orthopaedie-gardelegen.de\/#website\",\"url\":\"https:\/\/orthopaedie-gardelegen.de\/\",\"name\":\"Orthop\u00e4die Gardelegen\",\"description\":\"Dr. Thomas- Olaf Bittner Facharzt f\u00fcr Orthop\u00e4de\",\"potentialAction\":[{\"@type\":\"SearchAction\",\"target\":{\"@type\":\"EntryPoint\",\"urlTemplate\":\"https:\/\/orthopaedie-gardelegen.de\/?s={search_term_string}\"},\"query-input\":{\"@type\":\"PropertyValueSpecification\",\"valueRequired\":true,\"valueName\":\"search_term_string\"}}],\"inLanguage\":\"de\"}]}<\/script>\n<!-- \/ Yoast SEO plugin. -->","yoast_head_json":{"title":"Kontakt - Orthop\u00e4die Gardelegen","description":"Vereinbaren Sie mit uns einen TerminWir kontaktieren Sie so schnell wie m\u00f6glich, um Sie nicht lange warten zu lassen!","robots":{"index":"index","follow":"follow","max-snippet":"max-snippet:-1","max-image-preview":"max-image-preview:large","max-video-preview":"max-video-preview:-1"},"canonical":"https:\/\/orthopaedie-gardelegen.de\/?page_id=7314","og_locale":"de_DE","og_type":"article","og_title":"Kontakt - Orthop\u00e4die Gardelegen","og_description":"Vereinbaren Sie mit uns einen TerminWir kontaktieren Sie so schnell wie m\u00f6glich, um Sie nicht lange warten zu lassen!","og_url":"https:\/\/orthopaedie-gardelegen.de\/?page_id=7314","og_site_name":"Orthop\u00e4die Gardelegen","article_modified_time":"2025-04-01T13:05:30+00:00","twitter_card":"summary_large_image","twitter_misc":{"Gesch\u00e4tzte Lesezeit":"3\u00a0Minuten"},"schema":{"@context":"https:\/\/schema.org","@graph":[{"@type":"WebPage","@id":"https:\/\/orthopaedie-gardelegen.de\/?page_id=7314","url":"https:\/\/orthopaedie-gardelegen.de\/?page_id=7314","name":"Kontakt - Orthop\u00e4die Gardelegen","isPartOf":{"@id":"https:\/\/orthopaedie-gardelegen.de\/#website"},"datePublished":"2018-06-02T09:57:20+00:00","dateModified":"2025-04-01T13:05:30+00:00","description":"Vereinbaren Sie mit uns einen TerminWir kontaktieren Sie so schnell wie m\u00f6glich, um Sie nicht lange warten zu lassen!","breadcrumb":{"@id":"https:\/\/orthopaedie-gardelegen.de\/?page_id=7314#breadcrumb"},"inLanguage":"de","potentialAction":[{"@type":"ReadAction","target":["https:\/\/orthopaedie-gardelegen.de\/?page_id=7314"]}]},{"@type":"BreadcrumbList","@id":"https:\/\/orthopaedie-gardelegen.de\/?page_id=7314#breadcrumb","itemListElement":[{"@type":"ListItem","position":1,"name":"Startseite","item":"https:\/\/orthopaedie-gardelegen.de\/"},{"@type":"ListItem","position":2,"name":"Kontakt"}]},{"@type":"WebSite","@id":"https:\/\/orthopaedie-gardelegen.de\/#website","url":"https:\/\/orthopaedie-gardelegen.de\/","name":"Orthop\u00e4die Gardelegen","description":"Dr. Thomas- Olaf Bittner Facharzt f\u00fcr Orthop\u00e4de","potentialAction":[{"@type":"SearchAction","target":{"@type":"EntryPoint","urlTemplate":"https:\/\/orthopaedie-gardelegen.de\/?s={search_term_string}"},"query-input":{"@type":"PropertyValueSpecification","valueRequired":true,"valueName":"search_term_string"}}],"inLanguage":"de"}]}},"_links":{"self":[{"href":"https:\/\/orthopaedie-gardelegen.de\/index.php?rest_route=\/wp\/v2\/pages\/7314","targetHints":{"allow":["GET"]}}],"collection":[{"href":"https:\/\/orthopaedie-gardelegen.de\/index.php?rest_route=\/wp\/v2\/pages"}],"about":[{"href":"https:\/\/orthopaedie-gardelegen.de\/index.php?rest_route=\/wp\/v2\/types\/page"}],"author":[{"embeddable":true,"href":"https:\/\/orthopaedie-gardelegen.de\/index.php?rest_route=\/wp\/v2\/users\/1"}],"replies":[{"embeddable":true,"href":"https:\/\/orthopaedie-gardelegen.de\/index.php?rest_route=%2Fwp%2Fv2%2Fcomments&post=7314"}],"version-history":[{"count":5,"href":"https:\/\/orthopaedie-gardelegen.de\/index.php?rest_route=\/wp\/v2\/pages\/7314\/revisions"}],"predecessor-version":[{"id":8927,"href":"https:\/\/orthopaedie-gardelegen.de\/index.php?rest_route=\/wp\/v2\/pages\/7314\/revisions\/8927"}],"wp:attachment":[{"href":"https:\/\/orthopaedie-gardelegen.de\/index.php?rest_route=%2Fwp%2Fv2%2Fmedia&parent=7314"}],"curies":[{"name":"wp","href":"https:\/\/api.w.org\/{rel}","templated":true}]}}